{"id":9990,"date":"2025-09-02T08:51:31","date_gmt":"2025-09-02T11:51:31","guid":{"rendered":"https:\/\/justtraveltour.com\/?page_id=9990"},"modified":"2025-09-02T08:52:33","modified_gmt":"2025-09-02T11:52:33","slug":"regulamento-campanha-de-vendas-passaporte-just-experience","status":"publish","type":"page","link":"https:\/\/justtraveltour.com\/en\/regulamento-campanha-de-vendas-passaporte-just-experience\/","title":{"rendered":"REGULAMENTO CAMPANHA DE VENDAS &#8211; Seu Passaporte para o JUST EXPERIENCE"},"content":{"rendered":"<div data-elementor-type=\"wp-page\" data-elementor-id=\"9990\" class=\"elementor elementor-9990\" data-elementor-post-type=\"page\">\n\t\t\t\t<div class=\"elementor-element elementor-element-123fc62 e-flex e-con-boxed e-con e-parent\" data-id=\"123fc62\" data-element_type=\"container\">\n\t\t\t\t\t<div class=\"e-con-inner\">\n\t\t\t\t<div class=\"elementor-element elementor-element-a7b0e3d elementor-widget elementor-widget-image\" data-id=\"a7b0e3d\" data-element_type=\"widget\" data-widget_type=\"image.default\">\n\t\t\t\t<div class=\"elementor-widget-container\">\n\t\t\t<style>\/*! elementor - v3.23.0 - 05-08-2024 *\/\n.elementor-widget-image{text-align:center}.elementor-widget-image a{display:inline-block}.elementor-widget-image a img[src$=\".svg\"]{width:48px}.elementor-widget-image img{vertical-align:middle;display:inline-block}<\/style>\t\t\t\t\t\t\t\t\t\t<img decoding=\"async\" src=\"https:\/\/justtraveltour.com\/wp-content\/uploads\/elementor\/thumbs\/Imagem-do-WhatsApp-de-2025-09-01-as-19.53.24_58cbacd7-rb5vucvgg399qj0lvjusdffejarwpqicxa6bg7o3kk.jpg\" title=\"Imagem do WhatsApp de 2025-09-01 \u00e0(s) 19.53.24_58cbacd7\" alt=\"Imagem do WhatsApp de 2025-09-01 \u00e0(s) 19.53.24_58cbacd7\" loading=\"lazy\" \/>\t\t\t\t\t\t\t\t\t\t\t\t\t<\/div>\n\t\t\t\t<\/div>\n\t\t\t\t\t<\/div>\n\t\t\t\t<\/div>\n\t\t<div class=\"elementor-element elementor-element-0e2a056 e-flex e-con-boxed e-con e-parent\" data-id=\"0e2a056\" data-element_type=\"container\">\n\t\t\t\t\t<div class=\"e-con-inner\">\n\t\t\t\t<div class=\"elementor-element elementor-element-6ca182a elementor-widget elementor-widget-heading\" data-id=\"6ca182a\" data-element_type=\"widget\" data-widget_type=\"heading.default\">\n\t\t\t\t<div class=\"elementor-widget-container\">\n\t\t\t<style>\/*! elementor - v3.23.0 - 05-08-2024 *\/\n.elementor-heading-title{padding:0;margin:0;line-height:1}.elementor-widget-heading .elementor-heading-title[class*=elementor-size-]>a{color:inherit;font-size:inherit;line-height:inherit}.elementor-widget-heading .elementor-heading-title.elementor-size-small{font-size:15px}.elementor-widget-heading .elementor-heading-title.elementor-size-medium{font-size:19px}.elementor-widget-heading .elementor-heading-title.elementor-size-large{font-size:29px}.elementor-widget-heading .elementor-heading-title.elementor-size-xl{font-size:39px}.elementor-widget-heading .elementor-heading-title.elementor-size-xxl{font-size:59px}<\/style><h2 class=\"elementor-heading-title elementor-size-default\">REGULAMENTO OFICIAL \u2014 CAMPANHA DE VENDAS <span style=\"font-weight:normal;\" id=\"docs-internal-guid-7c5cc4db-7fff-da17-cebc-ac000cf1fc1f\"><span style=\"font-size: 17pt; font-family: Arial, sans-serif; color: rgb(0, 0, 0); font-weight: 700; font-variant-numeric: normal; font-variant-east-asian: normal; font-variant-alternates: normal; font-variant-position: normal; font-variant-emoji: normal; vertical-align: baseline;\">Seu Passaporte para o JUST EXPERIENCE<\/span><\/span><\/h2>\t\t<\/div>\n\t\t\t\t<\/div>\n\t\t\t\t\t<\/div>\n\t\t\t\t<\/div>\n\t\t<div class=\"elementor-element elementor-element-0c2ccca e-flex e-con-boxed e-con e-parent\" data-id=\"0c2ccca\" data-element_type=\"container\">\n\t\t\t\t\t<div class=\"e-con-inner\">\n\t\t\t\t<div class=\"elementor-element elementor-element-f204cf2 elementor-widget elementor-widget-text-editor\" data-id=\"f204cf2\" data-element_type=\"widget\" data-widget_type=\"text-editor.default\">\n\t\t\t\t<div class=\"elementor-widget-container\">\n\t\t\t<style>\/*! elementor - v3.23.0 - 05-08-2024 *\/\n.elementor-widget-text-editor.elementor-drop-cap-view-stacked .elementor-drop-cap{background-color:#69727d;color:#fff}.elementor-widget-text-editor.elementor-drop-cap-view-framed .elementor-drop-cap{color:#69727d;border:3px solid;background-color:transparent}.elementor-widget-text-editor:not(.elementor-drop-cap-view-default) .elementor-drop-cap{margin-top:8px}.elementor-widget-text-editor:not(.elementor-drop-cap-view-default) .elementor-drop-cap-letter{width:1em;height:1em}.elementor-widget-text-editor .elementor-drop-cap{float:left;text-align:center;line-height:1;font-size:50px}.elementor-widget-text-editor .elementor-drop-cap-letter{display:inline-block}<\/style>\t\t\t\t<p><span style=\"font-weight: 400;\">\ud83c\udf1f <\/span><b>Uma oportunidade que vai muito al\u00e9m de vender.<\/b><span style=\"font-weight: 400;\"> \ud83c\udf1f<\/span><\/p><p><span style=\"font-weight: 400;\">Vender \u00e9 abrir portas para que outras pessoas realizem seus sonhos. E agora chegou o momento de voc\u00ea realizar o seu.<\/span><\/p><p>\u00a0<\/p><ol><li style=\"font-weight: 400;\" aria-level=\"1\"><b>Per\u00edodo da Campanha<\/b><b><br \/><\/b><span style=\"font-weight: 400;\">A campanha \u00e9 v\u00e1lida para vendas realizadas entre <\/span><b>01 de setembro de 2025 e 15 de novembro de 2025<\/b><span style=\"font-weight: 400;\">.<\/span><span style=\"font-weight: 400;\"><br \/><br \/><\/span><\/li><li style=\"font-weight: 400;\" aria-level=\"1\"><b>Participa\u00e7\u00e3o<\/b><b><br \/><\/b><span style=\"font-weight: 400;\">Estar\u00e3o automaticamente participando todos os agentes de viagens que realizarem vendas atrav\u00e9s da Just Travel durante o per\u00edodo da campanha.<\/span><span style=\"font-weight: 400;\"><br \/><br \/><\/span><\/li><li style=\"font-weight: 400;\" aria-level=\"1\"><b>Premia\u00e7\u00e3o<\/b><b><br \/><\/b><span style=\"font-weight: 400;\">Os <\/span><b>cinco (5) agentes de viagens com maior volume de vendas<\/b><span style=\"font-weight: 400;\"> no per\u00edodo ter\u00e3o direito a <\/span><b>01 (uma) vaga garantida no<\/b> <b>JUST EXPERIENCE<\/b><span style=\"font-weight: 400;\">, fam tour exclusivo em Orlando.<\/span><span style=\"font-weight: 400;\"><br \/><\/span><span style=\"font-weight: 400;\">Em caso de empate, ser\u00e1 considerado como crit\u00e9rio de desempate a maior quantidade de reservas confirmadas.<\/span><span style=\"font-weight: 400;\"><br \/><br \/><\/span><\/li><li style=\"font-weight: 400;\" aria-level=\"1\"><b>Inclus\u00f5es<\/b><b><br \/><\/b><span style=\"font-weight: 400;\">Cada vaga contempla:<\/span><span style=\"font-weight: 400;\"><br \/><\/span><b>Hospedagem<\/b><span style=\"font-weight: 400;\"> durante o per\u00edodo do fam tour;<\/span><span style=\"font-weight: 400;\"><br \/><\/span><b>Ingressos<\/b><span style=\"font-weight: 400;\"> para as experi\u00eancias previstas;<\/span><span style=\"font-weight: 400;\"><br \/><\/span><b>Transporte terrestre<\/b><span style=\"font-weight: 400;\"> conforme programa\u00e7\u00e3o oficial.<\/span><span style=\"font-weight: 400;\"><br \/><br \/><\/span><\/li><li style=\"font-weight: 400;\" aria-level=\"1\"><b>Exclus\u00f5es<\/b><b><br \/><\/b><b>Passagens a\u00e9reas<\/b><span style=\"font-weight: 400;\"> at\u00e9 Orlando n\u00e3o est\u00e3o inclu\u00eddas e s\u00e3o de responsabilidade do agente vencedor.<\/span><span style=\"font-weight: 400;\"><br \/><\/span><span style=\"font-weight: 400;\">Despesas pessoais n\u00e3o mencionadas no item anterior tamb\u00e9m n\u00e3o est\u00e3o inclu\u00eddas.<\/span><span style=\"font-weight: 400;\"><br \/><br \/><\/span><\/li><li style=\"font-weight: 400;\" aria-level=\"1\"><b>Programa\u00e7\u00e3o<\/b><b><br \/><\/b><span style=\"font-weight: 400;\">A programa\u00e7\u00e3o completa do JUST EXPERIENCE ser\u00e1 disponibilizada pela Just Travel <\/span><b>pr\u00f3ximo \u00e0 data do evento<\/b><span style=\"font-weight: 400;\">.<\/span><span style=\"font-weight: 400;\"><br \/><br \/><\/span><\/li><li style=\"font-weight: 400;\" aria-level=\"1\"><b>Data do Evento<\/b><b><br \/><\/b><span style=\"font-weight: 400;\">O <\/span><b>JUST EXPERIENCE acontecer\u00e1 em dezembro de 2025<\/b><span style=\"font-weight: 400;\">, em Orlando.<\/span><span style=\"font-weight: 400;\"><br \/><br \/><\/span><\/li><li style=\"font-weight: 400;\" aria-level=\"1\"><b>Condi\u00e7\u00f5es Gerais<\/b><b><br \/><\/b><span style=\"font-weight: 400;\">A premia\u00e7\u00e3o \u00e9 pessoal e intransfer\u00edvel.<\/span><span style=\"font-weight: 400;\"><br \/><\/span><span style=\"font-weight: 400;\">A Just Travel reserva-se o direito de alterar a programa\u00e7\u00e3o, sempre garantindo experi\u00eancias equivalentes.<\/span><span style=\"font-weight: 400;\"><br \/><\/span><span style=\"font-weight: 400;\">Ao participar, os agentes concordam com todos os termos deste regulamento.<\/span><span style=\"font-weight: 400;\"><br \/><br \/><\/span><\/li><\/ol>\t\t\t\t\t\t<\/div>\n\t\t\t\t<\/div>\n\t\t\t\t\t<\/div>\n\t\t\t\t<\/div>\n\t\t\t\t<\/div>","protected":false},"excerpt":{"rendered":"<p>REGULAMENTO OFICIAL \u2014 CAMPANHA DE VENDAS Seu Passaporte para o JUST EXPERIENCE \ud83c\udf1f Uma oportunidade que vai muito al\u00e9m de vender. \ud83c\udf1f Vender \u00e9 abrir portas para que outras pessoas realizem seus sonhos. E agora chegou o momento de voc\u00ea &hellip;<\/p>","protected":false},"author":1,"featured_media":0,"parent":0,"menu_order":0,"comment_status":"closed","ping_status":"closed","template":"elementor_header_footer","meta":{"_acf_changed":false,"footnotes":""},"class_list":["post-9990","page","type-page","status-publish","hentry"],"acf":[],"_links":{"self":[{"href":"https:\/\/justtraveltour.com\/en\/wp-json\/wp\/v2\/pages\/9990","targetHints":{"allow":["GET"]}}],"collection":[{"href":"https:\/\/justtraveltour.com\/en\/wp-json\/wp\/v2\/pages"}],"about":[{"href":"https:\/\/justtraveltour.com\/en\/wp-json\/wp\/v2\/types\/page"}],"author":[{"embeddable":true,"href":"https:\/\/justtraveltour.com\/en\/wp-json\/wp\/v2\/users\/1"}],"replies":[{"embeddable":true,"href":"https:\/\/justtraveltour.com\/en\/wp-json\/wp\/v2\/comments?post=9990"}],"version-history":[{"count":4,"href":"https:\/\/justtraveltour.com\/en\/wp-json\/wp\/v2\/pages\/9990\/revisions"}],"predecessor-version":[{"id":9995,"href":"https:\/\/justtraveltour.com\/en\/wp-json\/wp\/v2\/pages\/9990\/revisions\/9995"}],"wp:attachment":[{"href":"https:\/\/justtraveltour.com\/en\/wp-json\/wp\/v2\/media?parent=9990"}],"curies":[{"name":"wp","href":"https:\/\/api.w.org\/{rel}","templated":true}]}}