{"id":9488,"date":"2025-07-25T11:22:22","date_gmt":"2025-07-25T14:22:22","guid":{"rendered":"https:\/\/justtraveltour.com\/?page_id=9488"},"modified":"2025-07-25T12:46:35","modified_gmt":"2025-07-25T15:46:35","slug":"regulamento-campanha-de-vendas-321-go","status":"publish","type":"page","link":"https:\/\/justtraveltour.com\/en\/regulamento-campanha-de-vendas-321-go\/","title":{"rendered":"REGULAMENTO CAMPANHA DE VENDAS 321 GO"},"content":{"rendered":"<div data-elementor-type=\"wp-page\" data-elementor-id=\"9488\" class=\"elementor elementor-9488\" data-elementor-post-type=\"page\">\n\t\t\t\t<div class=\"elementor-element elementor-element-123fc62 e-flex e-con-boxed e-con e-parent\" data-id=\"123fc62\" data-element_type=\"container\">\n\t\t\t\t\t<div class=\"e-con-inner\">\n\t\t\t\t<div class=\"elementor-element elementor-element-a7b0e3d elementor-widget elementor-widget-image\" data-id=\"a7b0e3d\" data-element_type=\"widget\" data-widget_type=\"image.default\">\n\t\t\t\t<div class=\"elementor-widget-container\">\n\t\t\t<style>\/*! elementor - v3.23.0 - 05-08-2024 *\/\n.elementor-widget-image{text-align:center}.elementor-widget-image a{display:inline-block}.elementor-widget-image a img[src$=\".svg\"]{width:48px}.elementor-widget-image img{vertical-align:middle;display:inline-block}<\/style>\t\t\t\t\t\t\t\t\t\t<img decoding=\"async\" src=\"https:\/\/justtraveltour.com\/wp-content\/uploads\/elementor\/thumbs\/Imagem-do-WhatsApp-de-2025-07-25-as-12.46.04_e90d56ec-r9aa5sintq9dfb5mq1de9njxbvyi7tp4zcfvkpoys4.jpg\" title=\"Imagem do WhatsApp de 2025-07-25 \u00e0(s) 12.46.04_e90d56ec\" alt=\"Imagem do WhatsApp de 2025-07-25 \u00e0(s) 12.46.04_e90d56ec\" loading=\"lazy\" \/>\t\t\t\t\t\t\t\t\t\t\t\t\t<\/div>\n\t\t\t\t<\/div>\n\t\t\t\t\t<\/div>\n\t\t\t\t<\/div>\n\t\t<div class=\"elementor-element elementor-element-0e2a056 e-flex e-con-boxed e-con e-parent\" data-id=\"0e2a056\" data-element_type=\"container\">\n\t\t\t\t\t<div class=\"e-con-inner\">\n\t\t\t\t<div class=\"elementor-element elementor-element-6ca182a elementor-widget elementor-widget-heading\" data-id=\"6ca182a\" data-element_type=\"widget\" data-widget_type=\"heading.default\">\n\t\t\t\t<div class=\"elementor-widget-container\">\n\t\t\t<style>\/*! elementor - v3.23.0 - 05-08-2024 *\/\n.elementor-heading-title{padding:0;margin:0;line-height:1}.elementor-widget-heading .elementor-heading-title[class*=elementor-size-]>a{color:inherit;font-size:inherit;line-height:inherit}.elementor-widget-heading .elementor-heading-title.elementor-size-small{font-size:15px}.elementor-widget-heading .elementor-heading-title.elementor-size-medium{font-size:19px}.elementor-widget-heading .elementor-heading-title.elementor-size-large{font-size:29px}.elementor-widget-heading .elementor-heading-title.elementor-size-xl{font-size:39px}.elementor-widget-heading .elementor-heading-title.elementor-size-xxl{font-size:59px}<\/style><h2 class=\"elementor-heading-title elementor-size-default\">REGULAMENTO OFICIAL \u2014 CAMPANHA DE VENDAS 321 GO + JUST TRAVEL<\/h2>\t\t<\/div>\n\t\t\t\t<\/div>\n\t\t\t\t\t<\/div>\n\t\t\t\t<\/div>\n\t\t<div class=\"elementor-element elementor-element-0c2ccca e-flex e-con-boxed e-con e-parent\" data-id=\"0c2ccca\" data-element_type=\"container\">\n\t\t\t\t\t<div class=\"e-con-inner\">\n\t\t\t\t<div class=\"elementor-element elementor-element-f204cf2 elementor-widget elementor-widget-text-editor\" data-id=\"f204cf2\" data-element_type=\"widget\" data-widget_type=\"text-editor.default\">\n\t\t\t\t<div class=\"elementor-widget-container\">\n\t\t\t<style>\/*! elementor - v3.23.0 - 05-08-2024 *\/\n.elementor-widget-text-editor.elementor-drop-cap-view-stacked .elementor-drop-cap{background-color:#69727d;color:#fff}.elementor-widget-text-editor.elementor-drop-cap-view-framed .elementor-drop-cap{color:#69727d;border:3px solid;background-color:transparent}.elementor-widget-text-editor:not(.elementor-drop-cap-view-default) .elementor-drop-cap{margin-top:8px}.elementor-widget-text-editor:not(.elementor-drop-cap-view-default) .elementor-drop-cap-letter{width:1em;height:1em}.elementor-widget-text-editor .elementor-drop-cap{float:left;text-align:center;line-height:1;font-size:50px}.elementor-widget-text-editor .elementor-drop-cap-letter{display:inline-block}<\/style>\t\t\t\t<p><b>Transforme suas vendas em uma oportunidade de vencer!<\/b><\/p><p><b>Campanha v\u00e1lida de 01 a 31 de agosto de 2025.<\/b><\/p><p>\u00a0<\/p><ol><li><b> OBJETIVO<\/b><\/li><\/ol><p><span style=\"font-weight: 400;\">A campanha 321 GO, em parceria com a Just Travel, tem como objetivo incentivar a performance de vendas dos participantes, premiando os tr\u00eas melhores colocados com recompensas em dinheiro.<\/span><\/p><p>\u00a0<\/p><ol start=\"2\"><li><b> PER\u00cdODO DA CAMPANHA<\/b><\/li><\/ol><p><span style=\"font-weight: 400;\">De 01\/08\/2025 at\u00e9 31\/08\/2025.<\/span><\/p><p>\u00a0<\/p><ol start=\"3\"><li><b> QUEM PODE PARTICIPAR<\/b><\/li><\/ol><ul><li style=\"font-weight: 400;\" aria-level=\"1\"><span style=\"font-weight: 400;\">Ag\u00eancias de viagens 3,2,1 GO que realizarem vendas utilizando qualquer produto da Just Travel durante o per\u00edodo da campanha.<\/span><\/li><li style=\"font-weight: 400;\" aria-level=\"1\"><span style=\"font-weight: 400;\">Participa\u00e7\u00e3o v\u00e1lida apenas para CNPJs ou CPFs previamente cadastrados e ativos na base da Just Travel.<\/span><\/li><\/ul><p>\u00a0<\/p><ol start=\"4\"><li><b>CRIT\u00c9RIO DE PARTICIPA\u00c7\u00c3O<\/b><\/li><\/ol><ul><li style=\"font-weight: 400;\" aria-level=\"1\"><span style=\"font-weight: 400;\">Participam automaticamente da campanha os parceiros que acumularem R$ 50.000,00 ou mais em vendas totais com produtos Just Travel dentro do per\u00edodo da campanha.<\/span><\/li><li style=\"font-weight: 400;\" aria-level=\"1\"><span style=\"font-weight: 400;\">Todos os produtos Just Travel s\u00e3o v\u00e1lidos para contabiliza\u00e7\u00e3o (ex: hospedagens, ingressos, seguros, transfers, etc.).<\/span><\/li><li style=\"font-weight: 400;\" aria-level=\"1\"><span style=\"font-weight: 400;\">Apenas vendas pagas e emitidas entre 01 e 31 de agosto ser\u00e3o consideradas para apura\u00e7\u00e3o.<\/span><\/li><\/ul><p>\u00a0<\/p><ol start=\"5\"><li><b> PREMIA\u00c7\u00c3O<\/b><\/li><\/ol><p><span style=\"font-weight: 400;\">\ud83c\udfc6 1\u00ba Lugar \u2013 R$ 1.200,00 via PIX<\/span><\/p><p><span style=\"font-weight: 400;\">\ud83e\udd48 2\u00ba Lugar \u2013 R$ 500,00 via PIX<\/span><\/p><p><span style=\"font-weight: 400;\">\ud83e\udd49 3\u00ba Lugar \u2013 R$ 300,00 via PIX<\/span><\/p><p>\u00a0<\/p><ul><li style=\"font-weight: 400;\" aria-level=\"1\"><span style=\"font-weight: 400;\">O ranking ser\u00e1 feito com base no valor total acumulado de vendas v\u00e1lidas durante o per\u00edodo da campanha.<\/span><\/li><li style=\"font-weight: 400;\" aria-level=\"1\"><span style=\"font-weight: 400;\">Em caso de empate, o crit\u00e9rio de desempate ser\u00e1 a data\/hora da \u00faltima venda registrada.<\/span><\/li><\/ul><p>\u00a0<\/p><ol start=\"6\"><li><b> DIVULGA\u00c7\u00c3O DOS RESULTADOS<\/b><\/li><\/ol><p><span style=\"font-weight: 400;\">Os vencedores ser\u00e3o divulgados at\u00e9 10\/09\/2025 nos canais oficiais da 3,2,1 GO e ser\u00e3o contatados diretamente por e-mail ou WhatsApp.<\/span><\/p><p>\u00a0<\/p><ol start=\"7\"><li><b> CONDI\u00c7\u00d5ES GERAIS<\/b><\/li><\/ol><ul><li style=\"font-weight: 400;\" aria-level=\"1\"><span style=\"font-weight: 400;\">A premia\u00e7\u00e3o ser\u00e1 realizada por meio de transfer\u00eancia banc\u00e1ria para a conta informada pelo ganhador (pessoa f\u00edsica ou jur\u00eddica).<\/span><\/li><li style=\"font-weight: 400;\" aria-level=\"1\"><span style=\"font-weight: 400;\">A campanha \u00e9 pessoal e intransfer\u00edvel.<\/span><\/li><li style=\"font-weight: 400;\" aria-level=\"1\"><span style=\"font-weight: 400;\">A Just Travel reserva-se o direito de desclassificar participantes em caso de ind\u00edcios de fraude ou manipula\u00e7\u00e3o de resultados.<\/span><\/li><li style=\"font-weight: 400;\" aria-level=\"1\"><span style=\"font-weight: 400;\">A campanha poder\u00e1 ser modificada, suspensa ou encerrada a qualquer momento, mediante aviso pr\u00e9vio.<\/span><\/li><\/ul><p>\u00a0<\/p><p><strong>\ud83d\udce3 D\u00ea o seu melhor, atinja a meta e suba no p\u00f3dio das vendas com a Campanha 321 GO + Just Travel!<\/strong><\/p>\t\t\t\t\t\t<\/div>\n\t\t\t\t<\/div>\n\t\t\t\t\t<\/div>\n\t\t\t\t<\/div>\n\t\t\t\t<\/div>","protected":false},"excerpt":{"rendered":"<p>REGULAMENTO OFICIAL \u2014 CAMPANHA DE VENDAS 321 GO + JUST TRAVEL Transforme suas vendas em uma oportunidade de vencer! Campanha v\u00e1lida de 01 a 31 de agosto de 2025. \u00a0 OBJETIVO A campanha 321 GO, em parceria com a Just &hellip;<\/p>","protected":false},"author":1,"featured_media":0,"parent":0,"menu_order":0,"comment_status":"closed","ping_status":"closed","template":"elementor_header_footer","meta":{"_acf_changed":false,"footnotes":""},"class_list":["post-9488","page","type-page","status-publish","hentry"],"acf":[],"_links":{"self":[{"href":"https:\/\/justtraveltour.com\/en\/wp-json\/wp\/v2\/pages\/9488","targetHints":{"allow":["GET"]}}],"collection":[{"href":"https:\/\/justtraveltour.com\/en\/wp-json\/wp\/v2\/pages"}],"about":[{"href":"https:\/\/justtraveltour.com\/en\/wp-json\/wp\/v2\/types\/page"}],"author":[{"embeddable":true,"href":"https:\/\/justtraveltour.com\/en\/wp-json\/wp\/v2\/users\/1"}],"replies":[{"embeddable":true,"href":"https:\/\/justtraveltour.com\/en\/wp-json\/wp\/v2\/comments?post=9488"}],"version-history":[{"count":16,"href":"https:\/\/justtraveltour.com\/en\/wp-json\/wp\/v2\/pages\/9488\/revisions"}],"predecessor-version":[{"id":9506,"href":"https:\/\/justtraveltour.com\/en\/wp-json\/wp\/v2\/pages\/9488\/revisions\/9506"}],"wp:attachment":[{"href":"https:\/\/justtraveltour.com\/en\/wp-json\/wp\/v2\/media?parent=9488"}],"curies":[{"name":"wp","href":"https:\/\/api.w.org\/{rel}","templated":true}]}}