{"id":9445,"date":"2025-07-22T13:53:44","date_gmt":"2025-07-22T16:53:44","guid":{"rendered":"https:\/\/justtraveltour.com\/?page_id=9445"},"modified":"2026-03-02T09:42:07","modified_gmt":"2026-03-02T12:42:07","slug":"regulamento-campanha-de-brindes-just","status":"publish","type":"page","link":"https:\/\/justtraveltour.com\/en\/regulamento-campanha-de-brindes-just\/","title":{"rendered":"REGULAMENTO CAMPANHA DE BRINDES JUST TRAVEL"},"content":{"rendered":"<div data-elementor-type=\"wp-page\" data-elementor-id=\"9445\" class=\"elementor elementor-9445\" data-elementor-post-type=\"page\">\n\t\t\t\t<div class=\"elementor-element elementor-element-123fc62 e-flex e-con-boxed e-con e-parent\" data-id=\"123fc62\" data-element_type=\"container\">\n\t\t\t\t\t<div class=\"e-con-inner\">\n\t\t\t\t<div class=\"elementor-element elementor-element-a7b0e3d elementor-widget elementor-widget-image\" data-id=\"a7b0e3d\" data-element_type=\"widget\" data-widget_type=\"image.default\">\n\t\t\t\t<div class=\"elementor-widget-container\">\n\t\t\t<style>\/*! elementor - v3.23.0 - 05-08-2024 *\/\n.elementor-widget-image{text-align:center}.elementor-widget-image a{display:inline-block}.elementor-widget-image a img[src$=\".svg\"]{width:48px}.elementor-widget-image img{vertical-align:middle;display:inline-block}<\/style>\t\t\t\t\t\t\t\t\t\t<img decoding=\"async\" src=\"https:\/\/justtraveltour.com\/wp-content\/uploads\/elementor\/thumbs\/WhatsApp-Image-2026-03-02-at-09.19.29-rjx08cfwopbc2i5igtu08m9zrx2pg07ofn9xc3wglw.jpeg\" title=\"WhatsApp Image 2026-03-02 at 09.19.29\" alt=\"WhatsApp Image 2026-03-02 at 09.19.29\" loading=\"lazy\" \/>\t\t\t\t\t\t\t\t\t\t\t\t\t<\/div>\n\t\t\t\t<\/div>\n\t\t\t\t\t<\/div>\n\t\t\t\t<\/div>\n\t\t<div class=\"elementor-element elementor-element-0e2a056 e-flex e-con-boxed e-con e-parent\" data-id=\"0e2a056\" data-element_type=\"container\">\n\t\t\t\t\t<div class=\"e-con-inner\">\n\t\t\t\t<div class=\"elementor-element elementor-element-6ca182a elementor-widget elementor-widget-heading\" data-id=\"6ca182a\" data-element_type=\"widget\" data-widget_type=\"heading.default\">\n\t\t\t\t<div class=\"elementor-widget-container\">\n\t\t\t<style>\/*! elementor - v3.23.0 - 05-08-2024 *\/\n.elementor-heading-title{padding:0;margin:0;line-height:1}.elementor-widget-heading .elementor-heading-title[class*=elementor-size-]>a{color:inherit;font-size:inherit;line-height:inherit}.elementor-widget-heading .elementor-heading-title.elementor-size-small{font-size:15px}.elementor-widget-heading .elementor-heading-title.elementor-size-medium{font-size:19px}.elementor-widget-heading .elementor-heading-title.elementor-size-large{font-size:29px}.elementor-widget-heading .elementor-heading-title.elementor-size-xl{font-size:39px}.elementor-widget-heading .elementor-heading-title.elementor-size-xxl{font-size:59px}<\/style><h2 class=\"elementor-heading-title elementor-size-default\">REGULAMENTO | CAMPANHA DE BRINDES JUST TRAVEL<\/h2>\t\t<\/div>\n\t\t\t\t<\/div>\n\t\t\t\t\t<\/div>\n\t\t\t\t<\/div>\n\t\t<div class=\"elementor-element elementor-element-0c2ccca e-flex e-con-boxed e-con e-parent\" data-id=\"0c2ccca\" data-element_type=\"container\">\n\t\t\t\t\t<div class=\"e-con-inner\">\n\t\t\t\t<div class=\"elementor-element elementor-element-f204cf2 elementor-widget elementor-widget-text-editor\" data-id=\"f204cf2\" data-element_type=\"widget\" data-widget_type=\"text-editor.default\">\n\t\t\t\t<div class=\"elementor-widget-container\">\n\t\t\t<style>\/*! elementor - v3.23.0 - 05-08-2024 *\/\n.elementor-widget-text-editor.elementor-drop-cap-view-stacked .elementor-drop-cap{background-color:#69727d;color:#fff}.elementor-widget-text-editor.elementor-drop-cap-view-framed .elementor-drop-cap{color:#69727d;border:3px solid;background-color:transparent}.elementor-widget-text-editor:not(.elementor-drop-cap-view-default) .elementor-drop-cap{margin-top:8px}.elementor-widget-text-editor:not(.elementor-drop-cap-view-default) .elementor-drop-cap-letter{width:1em;height:1em}.elementor-widget-text-editor .elementor-drop-cap{float:left;text-align:center;line-height:1;font-size:50px}.elementor-widget-text-editor .elementor-drop-cap-letter{display:inline-block}<\/style>\t\t\t\t<h4><b>1. DA CAMPANHA<\/b><\/h4><p><span style=\"font-weight: 400;\">A campanha de brindes da <\/span><b>Just Travel<\/b><span style=\"font-weight: 400;\"> \u00e9 v\u00e1lida para todas as vendas realizadas por agentes de viagem e parceiros cadastrados na plataforma <\/span><b>Just Travel<\/b><span style=\"font-weight: 400;\"> durante o per\u00edodo da campanha.<\/span><\/p><p><span style=\"font-weight: 400;\">O objetivo \u00e9 premiar seus clientes com brindes exclusivos, de acordo com o valor dos pedidos confirmados.<\/span><\/p><h4>\u00a0<\/h4><h4><b>2. DAS CONDI\u00c7\u00d5ES DE PARTICIPA\u00c7\u00c3O<\/b><\/h4><p><span style=\"font-weight: 400;\">\u2714 Participam automaticamente todos os pedidos fechados e pagos dentro do per\u00edodo da campanha (<strong>at\u00e9 31\/<\/strong><\/span><b>03\/2026<\/b><span style=\"font-weight: 400;\">), observando as regras abaixo:<\/span><\/p><p>\u00a0<\/p><p>\ud83d\udcb3 Pedidos de R$ 3.000,00 at\u00e9 R$ 6.999,97<br \/>(Pagamento \u00e0 vista ou em at\u00e9 10x no cart\u00e3o de cr\u00e9dito)<br \/>\u27a1 Ganhe:<br \/>\u2714 1 eSIM Internacional de Celular (3GB) enviado por e-mail junto com os vouchers<\/p><p>\u00a0<\/p><p>\ud83d\udcb3 Pedidos de R$ 7.000,00 at\u00e9 R$ 15.000,00<br \/>(Pagamento \u00e0 vista ou em at\u00e9 6x no cart\u00e3o de cr\u00e9dito)<br \/>\u27a1 Ganhe:<br \/>\u2714 1 eSIM Internacional de Celular (3GB) enviado por e-mail junto com os vouchers<br \/>\u2714 1 Kit Just Travel:<br \/>\ud83c\udf92 Mochila<br \/>\ud83d\udcf1 Capa de Celular \u00e0 prova d\u2019\u00e1gua<br \/>\u2614 Capa de Chuva<br \/>\ud83d\udc84 Hidratante Labial<br \/>\u2714 1 Garrafa Exclusiva Oficial Orlando Magic<\/p><p>\u00a0<\/p><p>\ud83d\udcb3 Pedidos acima de R$ 15.000,00<br \/>(Pagamento \u00e0 vista ou em at\u00e9 6x no cart\u00e3o de cr\u00e9dito)<br \/>\u27a1 Ganhe:<br \/>\u2714 2 eSIM Internacional de Celular (3GB) enviado por e-mail junto com os vouchers<br \/>\u2714 1 Mini Caixa de Som Original Mickey Mouse<br \/>\u2714 1 Kit Just Travel:<br \/>\ud83c\udf92 Mochila<br \/>\ud83d\udcf1 Capa de Celular \u00e0 prova d\u2019\u00e1gua<br \/>\u2614 Capa de Chuva<br \/>\ud83d\udc84 Hidratante Labial<br \/>\u2714 1 Garrafa Exclusiva Oficial Orlando Magic<\/p><h4>\u00a0<\/h4><h4><b>3. DA RETIRADA DOS BRINDES F\u00cdSICOS<\/b><\/h4><ul><li style=\"font-weight: 400;\" aria-level=\"1\"><span style=\"font-weight: 400;\">Todos os brindes f\u00edsicos dever\u00e3o ser retirados exclusivamente na loja <\/span><b>Perfumeland<\/b><span style=\"font-weight: 400;\"> em Orlando:<\/span><span style=\"font-weight: 400;\"><br \/><\/span><span style=\"font-weight: 400;\">\ud83d\udccd <\/span><b>Endere\u00e7o:<\/b><span style=\"font-weight: 400;\"> 5161 International Dr, Orlando, FL 32819, Estados Unidos.<\/span><\/li><li style=\"font-weight: 400;\" aria-level=\"1\"><span style=\"font-weight: 400;\">N\u00e3o ser\u00e3o realizadas entregas ou envios de brindes f\u00edsicos para endere\u00e7os fora da Perfumeland.<\/span><\/li><li style=\"font-weight: 400;\" aria-level=\"1\"><span style=\"font-weight: 400;\">A retirada dever\u00e1 ser feita pelo pr\u00f3prio cliente final, mediante apresenta\u00e7\u00e3o do voucher da Just Travel e documento oficial com foto<\/span><\/li><li style=\"font-weight: 400;\" aria-level=\"1\"><span style=\"font-weight: 400;\">Os brindes estar\u00e3o dispon\u00edveis para retirada durante o per\u00edodo de viagem do passageiro, de acordo com as datas informadas no pedido.<\/span><\/li><\/ul><h4>\u00a0<\/h4><h4><b>4. DAS CONDI\u00c7\u00d5ES GERAIS<\/b><\/h4><ul><li style=\"font-weight: 400;\" aria-level=\"1\"><span style=\"font-weight: 400;\">Os chips e eSIMs ser\u00e3o entregues conforme descrito, sendo o eSIM enviado por e-mail.<\/span><\/li><li style=\"font-weight: 400;\" aria-level=\"1\"><span style=\"font-weight: 400;\">N\u00e3o \u00e9 permitido trocar o brinde por outro produto ou valor em dinheiro.<\/span><\/li><li style=\"font-weight: 400;\" aria-level=\"1\"><span style=\"font-weight: 400;\">Brindes sujeitos \u00e0 disponibilidade de estoque. Caso haja indisponibilidade de algum item, a Just Travel poder\u00e1 substituir por outro de valor equivalente.<\/span><\/li><li style=\"font-weight: 400;\" aria-level=\"1\"><span style=\"font-weight: 400;\">Promo\u00e7\u00e3o n\u00e3o cumulativa com outras campanhas ou benef\u00edcios.<\/span><\/li><li style=\"font-weight: 400;\" aria-level=\"1\"><span style=\"font-weight: 400;\">Apenas pedidos efetivamente pagos e emitidos dentro do prazo da campanha ser\u00e3o considerados.<\/span><\/li><li style=\"font-weight: 400;\" aria-level=\"1\"><span style=\"font-weight: 400;\">A campanha pode ser encerrada ou alterada a crit\u00e9rio da Just Travel, mediante aviso pr\u00e9vio.<\/span><\/li><\/ul><h4>\u00a0<\/h4><h4><b>5. DA RESPONSABILIDADE<\/b><\/h4><p><span style=\"font-weight: 400;\">A Just Travel se responsabiliza apenas pela entrega dos brindes conforme previsto neste regulamento. O uso dos brindes e sua retirada em Orlando s\u00e3o de responsabilidade do cliente.<\/span><\/p><h4>\u00a0<\/h4><h4><b>6. D\u00daVIDAS E INFORMA\u00c7\u00d5ES<\/b><\/h4><p><span style=\"font-weight: 400;\">Em caso de d\u00favidas, entre em contato com seu executivo comercial da Just Travel ou com o time de atendimento.<\/span><\/p><p>\u00a0<\/p><p><b>Just Travel | A melhor solu\u00e7\u00e3o para sua ag\u00eancia de viagens online.<\/b><b><br \/><\/b><span style=\"font-weight: 400;\"> \ud83d\ude80 <\/span><b>Venda mais. Ganhe mais. Surpreenda seus clientes.<\/b><\/p>\t\t\t\t\t\t<\/div>\n\t\t\t\t<\/div>\n\t\t\t\t\t<\/div>\n\t\t\t\t<\/div>\n\t\t\t\t<\/div>","protected":false},"excerpt":{"rendered":"<p>REGULAMENTO | CAMPANHA DE BRINDES JUST TRAVEL 1. DA CAMPANHA A campanha de brindes da Just Travel \u00e9 v\u00e1lida para todas as vendas realizadas por agentes de viagem e parceiros cadastrados na plataforma Just Travel durante o per\u00edodo da campanha. &hellip;<\/p>","protected":false},"author":1,"featured_media":0,"parent":0,"menu_order":0,"comment_status":"closed","ping_status":"closed","template":"elementor_header_footer","meta":{"_acf_changed":false,"footnotes":""},"class_list":["post-9445","page","type-page","status-publish","hentry"],"acf":[],"_links":{"self":[{"href":"https:\/\/justtraveltour.com\/en\/wp-json\/wp\/v2\/pages\/9445","targetHints":{"allow":["GET"]}}],"collection":[{"href":"https:\/\/justtraveltour.com\/en\/wp-json\/wp\/v2\/pages"}],"about":[{"href":"https:\/\/justtraveltour.com\/en\/wp-json\/wp\/v2\/types\/page"}],"author":[{"embeddable":true,"href":"https:\/\/justtraveltour.com\/en\/wp-json\/wp\/v2\/users\/1"}],"replies":[{"embeddable":true,"href":"https:\/\/justtraveltour.com\/en\/wp-json\/wp\/v2\/comments?post=9445"}],"version-history":[{"count":88,"href":"https:\/\/justtraveltour.com\/en\/wp-json\/wp\/v2\/pages\/9445\/revisions"}],"predecessor-version":[{"id":11046,"href":"https:\/\/justtraveltour.com\/en\/wp-json\/wp\/v2\/pages\/9445\/revisions\/11046"}],"wp:attachment":[{"href":"https:\/\/justtraveltour.com\/en\/wp-json\/wp\/v2\/media?parent=9445"}],"curies":[{"name":"wp","href":"https:\/\/api.w.org\/{rel}","templated":true}]}}