{"id":8909,"date":"2025-05-08T10:57:55","date_gmt":"2025-05-08T13:57:55","guid":{"rendered":"https:\/\/justtraveltour.com\/?page_id=8909"},"modified":"2025-05-08T11:13:45","modified_gmt":"2025-05-08T14:13:45","slug":"regulamento-campanha-ganhe-gift-cards","status":"publish","type":"page","link":"https:\/\/justtraveltour.com\/en\/regulamento-campanha-ganhe-gift-cards\/","title":{"rendered":"REGULAMENTO CAMPANHA GANHE GIFT CARDS COM SUA RESERVA"},"content":{"rendered":"<div data-elementor-type=\"wp-page\" data-elementor-id=\"8909\" class=\"elementor elementor-8909\" data-elementor-post-type=\"page\">\n\t\t\t\t<div class=\"elementor-element elementor-element-123fc62 e-flex e-con-boxed e-con e-parent\" data-id=\"123fc62\" data-element_type=\"container\">\n\t\t\t\t\t<div class=\"e-con-inner\">\n\t\t\t\t<div class=\"elementor-element elementor-element-a7b0e3d elementor-widget elementor-widget-image\" data-id=\"a7b0e3d\" data-element_type=\"widget\" data-widget_type=\"image.default\">\n\t\t\t\t<div class=\"elementor-widget-container\">\n\t\t\t<style>\/*! elementor - v3.23.0 - 05-08-2024 *\/\n.elementor-widget-image{text-align:center}.elementor-widget-image a{display:inline-block}.elementor-widget-image a img[src$=\".svg\"]{width:48px}.elementor-widget-image img{vertical-align:middle;display:inline-block}<\/style>\t\t\t\t\t\t\t\t\t\t<img decoding=\"async\" src=\"https:\/\/justtraveltour.com\/wp-content\/uploads\/elementor\/thumbs\/Imagem-do-WhatsApp-de-2025-05-08-as-11.13.23_8cd9bc4a-r5iebmoyqc78mp6k0oibgxiacetbh7fyartz9y1zbo.jpg\" title=\"Imagem do WhatsApp de 2025-05-08 \u00e0(s) 11.13.23_8cd9bc4a\" alt=\"Imagem do WhatsApp de 2025-05-08 \u00e0(s) 11.13.23_8cd9bc4a\" loading=\"lazy\" \/>\t\t\t\t\t\t\t\t\t\t\t\t\t<\/div>\n\t\t\t\t<\/div>\n\t\t\t\t\t<\/div>\n\t\t\t\t<\/div>\n\t\t<div class=\"elementor-element elementor-element-0e2a056 e-flex e-con-boxed e-con e-parent\" data-id=\"0e2a056\" data-element_type=\"container\">\n\t\t\t\t\t<div class=\"e-con-inner\">\n\t\t\t\t<div class=\"elementor-element elementor-element-6ca182a elementor-widget elementor-widget-heading\" data-id=\"6ca182a\" data-element_type=\"widget\" data-widget_type=\"heading.default\">\n\t\t\t\t<div class=\"elementor-widget-container\">\n\t\t\t<style>\/*! elementor - v3.23.0 - 05-08-2024 *\/\n.elementor-heading-title{padding:0;margin:0;line-height:1}.elementor-widget-heading .elementor-heading-title[class*=elementor-size-]>a{color:inherit;font-size:inherit;line-height:inherit}.elementor-widget-heading .elementor-heading-title.elementor-size-small{font-size:15px}.elementor-widget-heading .elementor-heading-title.elementor-size-medium{font-size:19px}.elementor-widget-heading .elementor-heading-title.elementor-size-large{font-size:29px}.elementor-widget-heading .elementor-heading-title.elementor-size-xl{font-size:39px}.elementor-widget-heading .elementor-heading-title.elementor-size-xxl{font-size:59px}<\/style><h2 class=\"elementor-heading-title elementor-size-default\"><span style=\"font-weight:normal;\"><p dir=\"ltr\" style=\"line-height: 1.38; margin-top: 0pt; margin-bottom: 0pt;\"><span style=\"font-family: var( --e-global-typography-primary-font-family ), Sans-serif; font-weight: var( --e-global-typography-primary-font-weight );\">REGULAMENTO GANHE GIFT CARDS COM SUA RESERVA<\/span><\/p><\/span><\/h2>\t\t<\/div>\n\t\t\t\t<\/div>\n\t\t\t\t\t<\/div>\n\t\t\t\t<\/div>\n\t\t<div class=\"elementor-element elementor-element-0c2ccca e-flex e-con-boxed e-con e-parent\" data-id=\"0c2ccca\" data-element_type=\"container\">\n\t\t\t\t\t<div class=\"e-con-inner\">\n\t\t\t\t<div class=\"elementor-element elementor-element-f204cf2 elementor-widget elementor-widget-text-editor\" data-id=\"f204cf2\" data-element_type=\"widget\" data-widget_type=\"text-editor.default\">\n\t\t\t\t<div class=\"elementor-widget-container\">\n\t\t\t<style>\/*! elementor - v3.23.0 - 05-08-2024 *\/\n.elementor-widget-text-editor.elementor-drop-cap-view-stacked .elementor-drop-cap{background-color:#69727d;color:#fff}.elementor-widget-text-editor.elementor-drop-cap-view-framed .elementor-drop-cap{color:#69727d;border:3px solid;background-color:transparent}.elementor-widget-text-editor:not(.elementor-drop-cap-view-default) .elementor-drop-cap{margin-top:8px}.elementor-widget-text-editor:not(.elementor-drop-cap-view-default) .elementor-drop-cap-letter{width:1em;height:1em}.elementor-widget-text-editor .elementor-drop-cap{float:left;text-align:center;line-height:1;font-size:50px}.elementor-widget-text-editor .elementor-drop-cap-letter{display:inline-block}<\/style>\t\t\t\t<p data-start=\"183\" data-end=\"388\"><b>1.\u202f\u202f\u202fObjetivo:<br \/><\/b>Esta promo\u00e7\u00e3o tem como objetivo incentivar reservas com 4 ou mais noites nos hot\u00e9is Disney ou Universal em Orlando, premiando os titulares da reserva com Gift Cards.<\/p><p data-start=\"183\" data-end=\"388\">\u00a0<\/p><p data-start=\"390\" data-end=\"514\"><b>2.\u202f\u202f\u202fPer\u00edodo da Promo\u00e7\u00e3o:<br \/><\/b>A promo\u00e7\u00e3o \u00e9 v\u00e1lida exclusivamente para reservas realizadas entre os dias 08 e 31 de maio de 2025.<\/p><p data-start=\"516\" data-end=\"864\">\u00a0<\/p><p data-start=\"516\" data-end=\"864\"><b>3.\u202f\u202f\u202fCondi\u00e7\u00f5es para Participa\u00e7\u00e3o:<br \/><\/b>a)\u202fApenas reservas efetuadas atrav\u00e9s da Just Travel no per\u00edodo da promo\u00e7\u00e3o estar\u00e3o eleg\u00edveis.<br \/>b)\u202f\u00c9 obrigat\u00f3rio inserir o cupom promocional GIFTCARD no momento da reserva para ativar a oferta.<br \/>c)\u202fReservas sem o uso do cupom n\u00e3o ser\u00e3o contempladas com os benef\u00edcios, independentemente do n\u00famero de noites ou destino.<\/p><p data-start=\"866\" data-end=\"1173\">\u00a0<\/p><p data-start=\"866\" data-end=\"1173\"><b>4.\u202f\u202f\u202fRecompensas:<\/b><br \/>a)\u202fReservas de no m\u00ednimo 4 noites em hot\u00e9is da Universal Orlando Resort:<br \/>\u202f\u202f\u202f- O titular da reserva receber\u00e1 2 (dois) Gift Cards no valor de US$10 cada (totalizando US$20).<br \/>\u202f\u202f\u202f- A retirada dos gift cards dever\u00e1 ser feita presencialmente na loja Perfumeland, mediante apresenta\u00e7\u00e3o do voucher da reserva.<\/p><p data-start=\"1175\" data-end=\"1390\">b)\u202fReservas de no m\u00ednimo 4 noites em hot\u00e9is do Walt Disney World Resort:<br \/>\u202f\u202f\u202f- O titular da reserva receber\u00e1 1 (um) Gift Card no valor de US$25.<br \/>\u202f\u202f\u202f- O gift card ser\u00e1 enviado por e-mail, junto aos vouchers da reserva confirmada.<\/p><p data-start=\"1392\" data-end=\"1839\">\u00a0<\/p><p data-start=\"1392\" data-end=\"1839\"><b>5.\u202f\u202f\u202fLimites e Condi\u00e7\u00f5es:<\/b><br \/>a)\u202fA promo\u00e7\u00e3o \u00e9 v\u00e1lida por reserva, n\u00e3o sendo cumulativa em caso de m\u00faltiplas reservas pelo mesmo cliente.<br \/>b)\u202fA quantidade de noites n\u00e3o altera o valor dos gift cards. Ou seja, reservas com mais de 4 noites continuam recebendo os mesmos valores especificados acima.<br \/>c)\u202fA promo\u00e7\u00e3o \u00e9 v\u00e1lida somente para reservas novas, realizadas dentro do per\u00edodo promocional. Altera\u00e7\u00f5es em reservas anteriores \u00e0 data n\u00e3o ser\u00e3o eleg\u00edveis.<\/p><p data-start=\"1841\" data-end=\"2205\">\u00a0<\/p><p data-start=\"1841\" data-end=\"2205\"><b>6.\u202f\u202f\u202fOutras Considera\u00e7\u00f5es:<br \/><\/b>a)\u202fO n\u00e3o cumprimento de qualquer uma das condi\u00e7\u00f5es previstas neste regulamento implicar\u00e1 na desclassifica\u00e7\u00e3o autom\u00e1tica da reserva para fins de premia\u00e7\u00e3o.<br \/>b)\u202fA Just Travel se reserva o direito de encerrar ou alterar a promo\u00e7\u00e3o a qualquer momento, sem aviso pr\u00e9vio, caso julgue necess\u00e1rio por motivos operacionais, estrat\u00e9gicos ou legais.<\/p><p data-start=\"2207\" data-end=\"2326\">\u00a0<\/p><p data-start=\"2207\" data-end=\"2326\"><b>7.\u202f\u202f\u202fD\u00favidas:<br \/><\/b>Em caso de d\u00favidas, entre em contato com a equipe de suporte da Just Travel por meio dos canais oficiais.<\/p><p data-start=\"2328\" data-end=\"2446\">\u00a0<\/p><p data-start=\"2328\" data-end=\"2446\">\ud83d\udce3 Aproveite a campanha para impulsionar suas vendas para Orlando e encantar seus clientes com recompensas exclusivas!<\/p>\t\t\t\t\t\t<\/div>\n\t\t\t\t<\/div>\n\t\t\t\t\t<\/div>\n\t\t\t\t<\/div>\n\t\t\t\t<\/div>","protected":false},"excerpt":{"rendered":"<p>REGULAMENTO GANHE GIFT CARDS COM SUA RESERVA 1.\u202f\u202f\u202fObjetivo:Esta promo\u00e7\u00e3o tem como objetivo incentivar reservas com 4 ou mais noites nos hot\u00e9is Disney ou Universal em Orlando, premiando os titulares da reserva com Gift Cards. \u00a0 2.\u202f\u202f\u202fPer\u00edodo da Promo\u00e7\u00e3o:A promo\u00e7\u00e3o \u00e9 &hellip;<\/p>","protected":false},"author":1,"featured_media":0,"parent":0,"menu_order":0,"comment_status":"closed","ping_status":"closed","template":"elementor_header_footer","meta":{"_acf_changed":false,"footnotes":""},"class_list":["post-8909","page","type-page","status-publish","hentry"],"acf":[],"_links":{"self":[{"href":"https:\/\/justtraveltour.com\/en\/wp-json\/wp\/v2\/pages\/8909","targetHints":{"allow":["GET"]}}],"collection":[{"href":"https:\/\/justtraveltour.com\/en\/wp-json\/wp\/v2\/pages"}],"about":[{"href":"https:\/\/justtraveltour.com\/en\/wp-json\/wp\/v2\/types\/page"}],"author":[{"embeddable":true,"href":"https:\/\/justtraveltour.com\/en\/wp-json\/wp\/v2\/users\/1"}],"replies":[{"embeddable":true,"href":"https:\/\/justtraveltour.com\/en\/wp-json\/wp\/v2\/comments?post=8909"}],"version-history":[{"count":7,"href":"https:\/\/justtraveltour.com\/en\/wp-json\/wp\/v2\/pages\/8909\/revisions"}],"predecessor-version":[{"id":8918,"href":"https:\/\/justtraveltour.com\/en\/wp-json\/wp\/v2\/pages\/8909\/revisions\/8918"}],"wp:attachment":[{"href":"https:\/\/justtraveltour.com\/en\/wp-json\/wp\/v2\/media?parent=8909"}],"curies":[{"name":"wp","href":"https:\/\/api.w.org\/{rel}","templated":true}]}}