{"id":8545,"date":"2025-03-05T12:24:06","date_gmt":"2025-03-05T15:24:06","guid":{"rendered":"https:\/\/justtraveltour.com\/?page_id=8545"},"modified":"2025-03-05T17:10:12","modified_gmt":"2025-03-05T20:10:12","slug":"regulamento-campanha-venda-mais-ganhe-mais","status":"publish","type":"page","link":"https:\/\/justtraveltour.com\/en\/regulamento-campanha-venda-mais-ganhe-mais\/","title":{"rendered":"REGULAMENTO CAMPANHA VENDA MAIS GANHE MAIS"},"content":{"rendered":"<div data-elementor-type=\"wp-page\" data-elementor-id=\"8545\" class=\"elementor elementor-8545\" data-elementor-post-type=\"page\">\n\t\t\t\t<div class=\"elementor-element elementor-element-123fc62 e-flex e-con-boxed e-con e-parent\" data-id=\"123fc62\" data-element_type=\"container\">\n\t\t\t\t\t<div class=\"e-con-inner\">\n\t\t\t\t<div class=\"elementor-element elementor-element-a7b0e3d elementor-widget elementor-widget-image\" data-id=\"a7b0e3d\" data-element_type=\"widget\" data-widget_type=\"image.default\">\n\t\t\t\t<div class=\"elementor-widget-container\">\n\t\t\t<style>\/*! elementor - v3.23.0 - 05-08-2024 *\/\n.elementor-widget-image{text-align:center}.elementor-widget-image a{display:inline-block}.elementor-widget-image a img[src$=\".svg\"]{width:48px}.elementor-widget-image img{vertical-align:middle;display:inline-block}<\/style>\t\t\t\t\t\t\t\t\t\t<img decoding=\"async\" src=\"https:\/\/justtraveltour.com\/wp-content\/uploads\/elementor\/thumbs\/Imagem-do-WhatsApp-de-2025-03-05-as-17.05.25_5dfd90d1-r2ffah4tdlvsf3fljp1fa74sb0z800fge5fer5445w.jpg\" title=\"Imagem do WhatsApp de 2025-03-05 \u00e0(s) 17.05.25_5dfd90d1\" alt=\"Imagem do WhatsApp de 2025-03-05 \u00e0(s) 17.05.25_5dfd90d1\" loading=\"lazy\" \/>\t\t\t\t\t\t\t\t\t\t\t\t\t<\/div>\n\t\t\t\t<\/div>\n\t\t\t\t\t<\/div>\n\t\t\t\t<\/div>\n\t\t<div class=\"elementor-element elementor-element-0e2a056 e-flex e-con-boxed e-con e-parent\" data-id=\"0e2a056\" data-element_type=\"container\">\n\t\t\t\t\t<div class=\"e-con-inner\">\n\t\t\t\t<div class=\"elementor-element elementor-element-6ca182a elementor-widget elementor-widget-heading\" data-id=\"6ca182a\" data-element_type=\"widget\" data-widget_type=\"heading.default\">\n\t\t\t\t<div class=\"elementor-widget-container\">\n\t\t\t<style>\/*! elementor - v3.23.0 - 05-08-2024 *\/\n.elementor-heading-title{padding:0;margin:0;line-height:1}.elementor-widget-heading .elementor-heading-title[class*=elementor-size-]>a{color:inherit;font-size:inherit;line-height:inherit}.elementor-widget-heading .elementor-heading-title.elementor-size-small{font-size:15px}.elementor-widget-heading .elementor-heading-title.elementor-size-medium{font-size:19px}.elementor-widget-heading .elementor-heading-title.elementor-size-large{font-size:29px}.elementor-widget-heading .elementor-heading-title.elementor-size-xl{font-size:39px}.elementor-widget-heading .elementor-heading-title.elementor-size-xxl{font-size:59px}<\/style><h2 class=\"elementor-heading-title elementor-size-default\"><span style=\"font-weight:normal;\"><p dir=\"ltr\" style=\"line-height: 1.38; margin-top: 0pt; margin-bottom: 0pt;\"><span style=\"font-family: var( --e-global-typography-primary-font-family ), Sans-serif; font-weight: var( --e-global-typography-primary-font-weight );\">REGULAMENTO VENDA MAIS GANHE MAIS<\/span><\/p><\/span><\/h2>\t\t<\/div>\n\t\t\t\t<\/div>\n\t\t\t\t\t<\/div>\n\t\t\t\t<\/div>\n\t\t<div class=\"elementor-element elementor-element-0c2ccca e-flex e-con-boxed e-con e-parent\" data-id=\"0c2ccca\" data-element_type=\"container\">\n\t\t\t\t\t<div class=\"e-con-inner\">\n\t\t\t\t<div class=\"elementor-element elementor-element-f204cf2 elementor-widget elementor-widget-text-editor\" data-id=\"f204cf2\" data-element_type=\"widget\" data-widget_type=\"text-editor.default\">\n\t\t\t\t<div class=\"elementor-widget-container\">\n\t\t\t<style>\/*! elementor - v3.23.0 - 05-08-2024 *\/\n.elementor-widget-text-editor.elementor-drop-cap-view-stacked .elementor-drop-cap{background-color:#69727d;color:#fff}.elementor-widget-text-editor.elementor-drop-cap-view-framed .elementor-drop-cap{color:#69727d;border:3px solid;background-color:transparent}.elementor-widget-text-editor:not(.elementor-drop-cap-view-default) .elementor-drop-cap{margin-top:8px}.elementor-widget-text-editor:not(.elementor-drop-cap-view-default) .elementor-drop-cap-letter{width:1em;height:1em}.elementor-widget-text-editor .elementor-drop-cap{float:left;text-align:center;line-height:1;font-size:50px}.elementor-widget-text-editor .elementor-drop-cap-letter{display:inline-block}<\/style>\t\t\t\t<p><span style=\"color: var( --e-global-color-text ); font-family: var( --e-global-typography-text-font-family ), Sans-serif; text-align: var(--text-align);\">Viva a chance de se hospedar nos mais novos hot\u00e9is Universal Orlando Resort com nossa super promo\u00e7\u00e3o &#8220;Venda Mais, Ganhe Mais!&#8221;, destinada aos agentes de viagem que realizarem vendas de hospedagens durante o per\u00edodo da campanha. A promo\u00e7\u00e3o tem como objetivo premiar os agentes que mais venderem hospedagens com a Just Travel Tour dentro do per\u00edodo estabelecido.<\/span><\/p><p>\u00a0<\/p><p><b>PER\u00cdODO DA CAMPANHA<\/b><b><br \/><\/b><span style=\"font-weight: 400;\">A promo\u00e7\u00e3o \u00e9 v\u00e1lida de <\/span><b>06 de mar\u00e7o de 2025 a 30 de mar\u00e7o de 2025<\/b><\/p><p>\u00a0<\/p><p><b>PARTICIPA\u00c7\u00c3O<\/b><b><br \/><\/b><span style=\"font-weight: 400;\">Est\u00e3o aptos a participar da promo\u00e7\u00e3o todos os agentes de viagem cadastrados na Just Travel Tour. Para concorrer, o agente de viagem deve realizar vendas de hospedagem atrav\u00e9s das plataformas Just Travel Tour dentro do per\u00edodo da campanha.\u00a0 O ranking de vendas ser\u00e1 calculado com base no valor total das hospedagens confirmadas e pagas at\u00e9 o dia 30 de mar\u00e7o de 2025.<\/span><\/p><p>\u00a0<\/p><p><b>PREMIA\u00c7\u00c3O<\/b><b><br \/><\/b><span style=\"font-weight: 400;\">Ser\u00e3o premiados os tr\u00eas agentes que alcan\u00e7arem os maiores volumes de vendas de hospedagens durante o per\u00edodo da campanha, conforme abaixo:<\/span><\/p><ul><li style=\"font-weight: 400;\" aria-level=\"1\"><b>1\u00ba lugar:<\/b><span style=\"font-weight: 400;\"> 01 (uma) di\u00e1ria no<\/span><b> Universal Helios Grand Hotel,<\/b><span style=\"font-weight: 400;\"> com limite de<\/span><b> R$<\/b><\/li><li style=\"font-weight: 400;\" aria-level=\"1\"><b>3.500,00 <\/b><span style=\"font-weight: 400;\">no valor da di\u00e1ria.<\/span><\/li><li style=\"font-weight: 400;\" aria-level=\"1\"><b>2\u00ba lugar<\/b><span style=\"font-weight: 400;\">: 01 (uma) di\u00e1ria no <\/span><b>Universal Terra Luna Resort<\/b><span style=\"font-weight: 400;\">, com limite de <\/span><b>R$2.000,00 <\/b><span style=\"font-weight: 400;\">no valor da di\u00e1ria.<\/span><\/li><li style=\"font-weight: 400;\" aria-level=\"1\"><b>3\u00ba lugar<\/b><span style=\"font-weight: 400;\">: 01 (uma) di\u00e1ria no <\/span><b>Universal Stella Nova Resort<\/b><span style=\"font-weight: 400;\">, com limite de <\/span><b>R$2.000,00<\/b><span style=\"font-weight: 400;\"> no valor da di\u00e1ria.<\/span><\/li><\/ul><p><span style=\"font-weight: 400;\">A data da hospedagem ser\u00e1 escolhida pelo agente premiado, respeitando a disponibilidade do hotel e os valores-limite estabelecidos.<\/span><\/p><p>\u00a0<\/p><p><b>REGRAS GERAIS<\/b><\/p><ul><li style=\"font-weight: 400;\" aria-level=\"1\"><span style=\"font-weight: 400;\">A premia\u00e7\u00e3o n\u00e3o inclui despesas adicionais como transporte, alimenta\u00e7\u00e3o, ingressos para parques ou qualquer outro servi\u00e7o extra.\u00a0<\/span><\/li><li style=\"font-weight: 400;\" aria-level=\"1\"><span style=\"font-weight: 400;\">A di\u00e1ria ser\u00e1 reservada pela Just Travel Tour, respeitando o limite de valor indicado para cada premia\u00e7\u00e3o.\u00a0<\/span><\/li><li style=\"font-weight: 400;\" aria-level=\"1\"><span style=\"font-weight: 400;\">Em caso de empate no volume total de vendas, o crit\u00e9rio de desempate ser\u00e1 a data da primeira venda realizada dentro do per\u00edodo da campanha, sendo favorecido o agente que realizou a venda primeiro.\u00a0<\/span><\/li><li style=\"font-weight: 400;\" aria-level=\"1\"><span style=\"font-weight: 400;\">Os pr\u00eamios s\u00e3o pessoais e intransfer\u00edveis, n\u00e3o sendo poss\u00edvel sua convers\u00e3o em dinheiro ou cr\u00e9ditos.\u00a0<\/span><\/li><li style=\"font-weight: 400;\" aria-level=\"1\"><span style=\"font-weight: 400;\">A Just Travel Tour se reserva o direito de desclassificar qualquer participante que utilize meios fraudulentos para tentar burlar as regras da promo\u00e7\u00e3o.<br \/><br \/><\/span><b>DIVULGA\u00c7\u00c3O DOS GANHADORES<\/b><b><br \/><\/b><span style=\"font-weight: 400;\">O resultado ser\u00e1 divulgado at\u00e9 o dia <\/span><b>05 de abril de 2025<\/b><span style=\"font-weight: 400;\"> nos canais oficiais da Just Travel Tour. Os ganhadores ser\u00e3o contatados diretamente pela equipe da Just Travel Tour para o agendamento da di\u00e1ria<br \/><br \/><\/span><b>DISPOSI\u00c7\u00d5ES FINAIS<\/b><\/li><\/ul><p><span style=\"font-weight: 400;\">A participa\u00e7\u00e3o nesta promo\u00e7\u00e3o implica a aceita\u00e7\u00e3o total e irrestrita de todos os termos deste regulamento. A Just Travel Tour se reserva o direito de alterar quaisquer condi\u00e7\u00f5es desta promo\u00e7\u00e3o caso seja necess\u00e1rio, sempre informando os participantes previamente. D\u00favidas ou informa\u00e7\u00f5es adicionais podem ser obtidas atrav\u00e9s dos canais de atendimento da Just Travel Tour.<\/span><\/p><p>\u00a0<\/p><p><b>Boa sorte e boas vendas!<\/b><\/p><p>\u00a0<\/p>\t\t\t\t\t\t<\/div>\n\t\t\t\t<\/div>\n\t\t\t\t\t<\/div>\n\t\t\t\t<\/div>\n\t\t\t\t<\/div>","protected":false},"excerpt":{"rendered":"<p>REGULAMENTO VENDA MAIS GANHE MAIS Viva a chance de se hospedar nos mais novos hot\u00e9is Universal Orlando Resort com nossa super promo\u00e7\u00e3o &#8220;Venda Mais, Ganhe Mais!&#8221;, destinada aos agentes de viagem que realizarem vendas de hospedagens durante o per\u00edodo da &hellip;<\/p>","protected":false},"author":1,"featured_media":0,"parent":0,"menu_order":0,"comment_status":"closed","ping_status":"closed","template":"elementor_header_footer","meta":{"_acf_changed":false,"footnotes":""},"class_list":["post-8545","page","type-page","status-publish","hentry"],"acf":[],"_links":{"self":[{"href":"https:\/\/justtraveltour.com\/en\/wp-json\/wp\/v2\/pages\/8545","targetHints":{"allow":["GET"]}}],"collection":[{"href":"https:\/\/justtraveltour.com\/en\/wp-json\/wp\/v2\/pages"}],"about":[{"href":"https:\/\/justtraveltour.com\/en\/wp-json\/wp\/v2\/types\/page"}],"author":[{"embeddable":true,"href":"https:\/\/justtraveltour.com\/en\/wp-json\/wp\/v2\/users\/1"}],"replies":[{"embeddable":true,"href":"https:\/\/justtraveltour.com\/en\/wp-json\/wp\/v2\/comments?post=8545"}],"version-history":[{"count":11,"href":"https:\/\/justtraveltour.com\/en\/wp-json\/wp\/v2\/pages\/8545\/revisions"}],"predecessor-version":[{"id":8559,"href":"https:\/\/justtraveltour.com\/en\/wp-json\/wp\/v2\/pages\/8545\/revisions\/8559"}],"wp:attachment":[{"href":"https:\/\/justtraveltour.com\/en\/wp-json\/wp\/v2\/media?parent=8545"}],"curies":[{"name":"wp","href":"https:\/\/api.w.org\/{rel}","templated":true}]}}