{"id":8390,"date":"2024-11-12T05:01:43","date_gmt":"2024-11-12T08:01:43","guid":{"rendered":"https:\/\/justtraveltour.com\/?page_id=8390"},"modified":"2024-12-10T14:41:48","modified_gmt":"2024-12-10T17:41:48","slug":"regulamento-natal-com-a-just","status":"publish","type":"page","link":"https:\/\/justtraveltour.com\/en\/regulamento-natal-com-a-just\/","title":{"rendered":"REGULAMENTO NATAL COM A JUST"},"content":{"rendered":"<div data-elementor-type=\"wp-page\" data-elementor-id=\"8390\" class=\"elementor elementor-8390\" data-elementor-post-type=\"page\">\n\t\t\t\t<div class=\"elementor-element elementor-element-123fc62 e-flex e-con-boxed e-con e-parent\" data-id=\"123fc62\" data-element_type=\"container\">\n\t\t\t\t\t<div class=\"e-con-inner\">\n\t\t\t\t<div class=\"elementor-element elementor-element-a7b0e3d elementor-widget elementor-widget-image\" data-id=\"a7b0e3d\" data-element_type=\"widget\" data-widget_type=\"image.default\">\n\t\t\t\t<div class=\"elementor-widget-container\">\n\t\t\t<style>\/*! elementor - v3.23.0 - 05-08-2024 *\/\n.elementor-widget-image{text-align:center}.elementor-widget-image a{display:inline-block}.elementor-widget-image a img[src$=\".svg\"]{width:48px}.elementor-widget-image img{vertical-align:middle;display:inline-block}<\/style>\t\t\t\t\t\t\t\t\t\t<img decoding=\"async\" src=\"https:\/\/justtraveltour.com\/wp-content\/uploads\/elementor\/thumbs\/WhatsApp-Image-2024-12-10-at-13.55.41-qyb8jkfya2o1yk3bymtkrkqa2vgj27mx6etfe4wrh0.jpeg\" title=\"WhatsApp Image 2024-12-10 at 13.55.41\" alt=\"WhatsApp Image 2024-12-10 at 13.55.41\" loading=\"lazy\" \/>\t\t\t\t\t\t\t\t\t\t\t\t\t<\/div>\n\t\t\t\t<\/div>\n\t\t\t\t\t<\/div>\n\t\t\t\t<\/div>\n\t\t<div class=\"elementor-element elementor-element-0e2a056 e-flex e-con-boxed e-con e-parent\" data-id=\"0e2a056\" data-element_type=\"container\">\n\t\t\t\t\t<div class=\"e-con-inner\">\n\t\t\t\t<div class=\"elementor-element elementor-element-6ca182a elementor-widget elementor-widget-heading\" data-id=\"6ca182a\" data-element_type=\"widget\" data-widget_type=\"heading.default\">\n\t\t\t\t<div class=\"elementor-widget-container\">\n\t\t\t<style>\/*! elementor - v3.23.0 - 05-08-2024 *\/\n.elementor-heading-title{padding:0;margin:0;line-height:1}.elementor-widget-heading .elementor-heading-title[class*=elementor-size-]>a{color:inherit;font-size:inherit;line-height:inherit}.elementor-widget-heading .elementor-heading-title.elementor-size-small{font-size:15px}.elementor-widget-heading .elementor-heading-title.elementor-size-medium{font-size:19px}.elementor-widget-heading .elementor-heading-title.elementor-size-large{font-size:29px}.elementor-widget-heading .elementor-heading-title.elementor-size-xl{font-size:39px}.elementor-widget-heading .elementor-heading-title.elementor-size-xxl{font-size:59px}<\/style><h2 class=\"elementor-heading-title elementor-size-default\"><span style=\"font-weight:normal;\"><p dir=\"ltr\" style=\"line-height: 1.38; margin-top: 0pt; margin-bottom: 0pt;\"><span style=\"font-family: var( --e-global-typography-primary-font-family ), Sans-serif; font-weight: var( --e-global-typography-primary-font-weight );\">REGULAMENTO NATAL COM A JUST<\/span><span style=\"font-family: var( --e-global-typography-primary-font-family ), Sans-serif; font-weight: var( --e-global-typography-primary-font-weight );\"><\/span><\/p><\/span><\/h2>\t\t<\/div>\n\t\t\t\t<\/div>\n\t\t\t\t\t<\/div>\n\t\t\t\t<\/div>\n\t\t<div class=\"elementor-element elementor-element-0c2ccca e-flex e-con-boxed e-con e-parent\" data-id=\"0c2ccca\" data-element_type=\"container\">\n\t\t\t\t\t<div class=\"e-con-inner\">\n\t\t\t\t<div class=\"elementor-element elementor-element-f204cf2 elementor-widget elementor-widget-text-editor\" data-id=\"f204cf2\" data-element_type=\"widget\" data-widget_type=\"text-editor.default\">\n\t\t\t\t<div class=\"elementor-widget-container\">\n\t\t\t<style>\/*! elementor - v3.23.0 - 05-08-2024 *\/\n.elementor-widget-text-editor.elementor-drop-cap-view-stacked .elementor-drop-cap{background-color:#69727d;color:#fff}.elementor-widget-text-editor.elementor-drop-cap-view-framed .elementor-drop-cap{color:#69727d;border:3px solid;background-color:transparent}.elementor-widget-text-editor:not(.elementor-drop-cap-view-default) .elementor-drop-cap{margin-top:8px}.elementor-widget-text-editor:not(.elementor-drop-cap-view-default) .elementor-drop-cap-letter{width:1em;height:1em}.elementor-widget-text-editor .elementor-drop-cap{float:left;text-align:center;line-height:1;font-size:50px}.elementor-widget-text-editor .elementor-drop-cap-letter{display:inline-block}<\/style>\t\t\t\t<p><b>RAY BAN META E PIX NO M\u00caS DE DEZEMBRO!<\/b><\/p>\n<p><b>&nbsp;<\/b><\/p>\n<p><b>Per\u00edodo da campanha:<\/b><\/p>\n<p><span style=\"font-weight: 400;\">10 de dezembro de 2024 a 25 de dezembro de 2024<\/span><\/p>\n<p><span style=\"font-weight: 400;\">&nbsp;<\/span><\/p>\n<p><b>Quem pode participar:<\/b><\/p>\n<p><span style=\"font-weight: 400;\">Exclusiva para agentes de viagens cadastrados e ativos no sistema da Just Travel. A campanha premia a ag\u00eancia respons\u00e1vel pela venda (CPF). Atinja a meta de vendas para ganhar pr\u00eamios incr\u00edveis!<\/span><\/p>\n<p><span style=\"font-weight: 400;\">&nbsp;<\/span><\/p>\n<p><b>Crit\u00e9rios para participa\u00e7\u00e3o:<\/b><\/p>\n<p><span style=\"font-weight: 400;\">Para participar e ser eleg\u00edvel aos pr\u00eamios e benef\u00edcios desta campanha, a ag\u00eancia de viagens precisa atender aos seguintes crit\u00e9rios:<\/span><\/p>\n<p><b>Adimpl\u00eancia:<\/b><span style=\"font-weight: 400;\"> Apenas as ag\u00eancias que estiverem em situa\u00e7\u00e3o adimplente junto \u00e0 Just Travel estar\u00e3o aptas a participar desta campanha. Ag\u00eancias com pagamentos em atraso ou inadimplentes n\u00e3o poder\u00e3o participar.<\/span><\/p>\n<p><span style=\"font-weight: 400;\">&nbsp;<\/span><\/p>\n<p><b>Verifica\u00e7\u00e3o de Conformidade<\/b><span style=\"font-weight: 400;\">: Realizaremos uma verifica\u00e7\u00e3o peri\u00f3dica de conformidade para assegurar que todos os participantes cumprem os requisitos acima.&nbsp;<\/span><\/p>\n<p><span style=\"font-weight: 400;\">&nbsp;<\/span><\/p>\n<p><b>Prazo para Regulariza\u00e7\u00e3o:<\/b><span style=\"font-weight: 400;\"> Ag\u00eancias com pend\u00eancias ter\u00e3o um prazo de 5 dias \u00fateis para regularizar sua situa\u00e7\u00e3o e restabelecer sua elegibilidade na campanha, contanto que isso ocorra antes do t\u00e9rmino da campanha.<\/span><\/p>\n<p><span style=\"font-weight: 400;\">&nbsp;<\/span><\/p>\n<p><b>PR\u00caMIOS<\/b><\/p>\n<p>R$ 1.000.000,00 em vendas \u2013 Ray ban META<\/p>\n<p>R$ 800.000,00 em vendas \u2013 R$ 2.000,00 via PIX<\/p>\n<p>R$ 600.000,00 em vendas \u2013 R$ 1.500,00 via PIX<\/p>\n<p>R$ 400.000,00 em vendas \u2013 R$ 1.000,00 via PIX<\/p>\n<p>R$ 300.000,00 em vendas \u2013 R$ 750,00 via PIX<\/p>\n<p><span style=\"text-align: var(--text-align);\">R$ 200.000,00 em vendas \u2013 R$ 500,00 via PIX<\/span><\/p>\n<p><strong style=\"color: var( --e-global-color-text ); font-family: var( --e-global-typography-text-font-family ), Sans-serif; text-align: var(--text-align);\">&nbsp;<\/strong><\/p>\n<p><strong style=\"color: var( --e-global-color-text ); font-family: var( --e-global-typography-text-font-family ), Sans-serif; text-align: var(--text-align);\">PR\u00caMIOS N\u00c3O CUMULATIVOS<\/strong><\/p>\n<p><strong style=\"color: var( --e-global-color-text ); font-family: var( --e-global-typography-text-font-family ), Sans-serif; text-align: var(--text-align);\">&nbsp;<\/strong><\/p>\n<p><b>&nbsp;<\/b><\/p>\n<p><b>Datas e Entrega dos Pr\u00eamios<\/b><\/p>\n<p><b>&nbsp;<\/b><\/p>\n<p><b>Divulga\u00e7\u00e3o dos pr\u00eamios:<\/b><\/p>\n<p><span style=\"font-weight: 400;\">Os ganhadores ser\u00e3o anunciados em Nossa Comunidade Just Travel e no e-mail.<\/span><\/p>\n<p><span style=\"font-weight: 400;\">&nbsp;<\/span><\/p>\n<p><b>Data limite para entrega:<\/b><\/p>\n<p><span style=\"font-weight: 400;\">Todos os pr\u00eamios em produtos ser\u00e3o entregues at\u00e9 31\/01\/2025.<\/span><\/p>\n<p><span style=\"font-weight: 400;\">&nbsp;<\/span><\/p>\n<p><b>Pagamento via PIX:<\/b><\/p>\n<p><span style=\"font-weight: 400;\">Enviado exclusivamente para o CPF do agente respons\u00e1vel pela venda, ser\u00e1 realizado o PIX na conta do agente de viagens em at\u00e9 10 dias ap\u00f3s o an\u00fancio do ganhador.<\/span><\/p>\n<p><span style=\"font-weight: 400;\">&nbsp;<\/span><\/p>\n<p><b>Entrega de produtos:<\/b><\/p>\n<p><span style=\"font-weight: 400;\">Enviado para endere\u00e7o alinhado com a ag\u00eancia.<\/span><\/p>\n<p><span style=\"font-weight: 400;\">&nbsp;<\/span><\/p>\n<p><span style=\"font-weight: 400;\">Em caso de d\u00favidas, o time de atendimento estar\u00e1 \u00e0 disposi\u00e7\u00e3o para ajudar.<\/span><\/p>\n<p><span style=\"font-weight: 400;\">&nbsp;<\/span><\/p>\n<p><b>CELEBRE O NATAL COM A JUST E FA\u00c7A PARTE DE MOMENTOS INESQUEC\u00cdVEIS!<\/b><\/p>\t\t\t\t\t\t<\/div>\n\t\t\t\t<\/div>\n\t\t\t\t\t<\/div>\n\t\t\t\t<\/div>\n\t\t\t\t<\/div>","protected":false},"excerpt":{"rendered":"<p>REGULAMENTO NATAL COM A JUST RAY BAN META E PIX NO M\u00caS DE DEZEMBRO! &nbsp; Per\u00edodo da campanha: 10 de dezembro de 2024 a 25 de dezembro de 2024 &nbsp; Quem pode participar: Exclusiva para agentes de viagens cadastrados e &hellip;<\/p>","protected":false},"author":1,"featured_media":0,"parent":0,"menu_order":0,"comment_status":"closed","ping_status":"closed","template":"elementor_header_footer","meta":{"_acf_changed":false,"footnotes":""},"class_list":["post-8390","page","type-page","status-publish","hentry"],"acf":[],"_links":{"self":[{"href":"https:\/\/justtraveltour.com\/en\/wp-json\/wp\/v2\/pages\/8390","targetHints":{"allow":["GET"]}}],"collection":[{"href":"https:\/\/justtraveltour.com\/en\/wp-json\/wp\/v2\/pages"}],"about":[{"href":"https:\/\/justtraveltour.com\/en\/wp-json\/wp\/v2\/types\/page"}],"author":[{"embeddable":true,"href":"https:\/\/justtraveltour.com\/en\/wp-json\/wp\/v2\/users\/1"}],"replies":[{"embeddable":true,"href":"https:\/\/justtraveltour.com\/en\/wp-json\/wp\/v2\/comments?post=8390"}],"version-history":[{"count":26,"href":"https:\/\/justtraveltour.com\/en\/wp-json\/wp\/v2\/pages\/8390\/revisions"}],"predecessor-version":[{"id":8441,"href":"https:\/\/justtraveltour.com\/en\/wp-json\/wp\/v2\/pages\/8390\/revisions\/8441"}],"wp:attachment":[{"href":"https:\/\/justtraveltour.com\/en\/wp-json\/wp\/v2\/media?parent=8390"}],"curies":[{"name":"wp","href":"https:\/\/api.w.org\/{rel}","templated":true}]}}