{"id":3,"date":"2023-10-25T17:06:35","date_gmt":"2023-10-25T20:06:35","guid":{"rendered":"https:\/\/justtraveltour.com\/_blank\/?page_id=3"},"modified":"2024-07-29T19:59:06","modified_gmt":"2024-07-29T22:59:06","slug":"politica-de-privacidade","status":"publish","type":"page","link":"https:\/\/justtraveltour.com\/en\/politica-de-privacidade\/","title":{"rendered":"Pol\u00edtica de privacidade"},"content":{"rendered":"<p>Esta Pol\u00edtica de Privacidade descreve como suas informa\u00e7\u00f5es pessoais s\u00e3o coletadas, usadas e compartilhadas quando voc\u00ea visita https:\/\/www.justtraveltour.com (o \u201cSite\u201d).<\/p>\r\n<p>Informa\u00e7\u00f5es pessoais que coletamos:<\/p>\r\n<p>Quando voc\u00ea visita o Site, coletamos automaticamente certas informa\u00e7\u00f5es sobre seu dispositivo, incluindo informa\u00e7\u00f5es sobre seu navegador da web, endere\u00e7o IP, fuso hor\u00e1rio e alguns dos cookies que est\u00e3o instalados em seu dispositivo.<\/p>\r\n<p>Al\u00e9m disso, conforme voc\u00ea navega no Site, coletamos informa\u00e7\u00f5es sobre as p\u00e1ginas da web ou produtos individuais que voc\u00ea visualiza, quais sites ou termos de pesquisa o direcionaram ao Site e informa\u00e7\u00f5es sobre como voc\u00ea interage com o Site. Referimo-nos a essas informa\u00e7\u00f5es coletadas automaticamente como \u201cInforma\u00e7\u00f5es do dispositivo\u201d.<\/p>\r\n<p>Coletamos informa\u00e7\u00f5es do dispositivo usando as seguintes tecnologias:<\/p>\r\n<p>\u2013 \u201cCookies\u201d s\u00e3o arquivos de dados que s\u00e3o colocados em seu dispositivo ou computador e geralmente incluem um identificador \u00fanico an\u00f4nimo.<\/p>\r\n<p>Para obter mais informa\u00e7\u00f5es sobre cookies e como desabilit\u00e1-los, visite http:\/\/www.allaboutcookies.org.<\/p>\r\n<p>\u2013 \u201cArquivos de log\u201d rastreiam a\u00e7\u00f5es que ocorrem no Site e coletam dados, incluindo seu endere\u00e7o IP, tipo de navegador, provedor de servi\u00e7os de Internet, p\u00e1ginas de refer\u00eancia \/ sa\u00edda com data e hora.<\/p>\r\n<p>\u2013 \u201cWeb beacons\u201d, \u201ctags\u201d e \u201cpixels\u201d s\u00e3o arquivos eletr\u00f4nicos usados \u200b\u200bpara registrar informa\u00e7\u00f5es sobre como voc\u00ea navega no Site.<\/p>\r\n<p>Al\u00e9m disso, quando voc\u00ea faz uma compra ou tenta fazer uma compra atrav\u00e9s do Site, coletamos certas informa\u00e7\u00f5es suas, incluindo seu nome, endere\u00e7o de cobran\u00e7a, endere\u00e7o de entrega, informa\u00e7\u00f5es de pagamento (incluindo n\u00fameros de cart\u00e3o de cr\u00e9dito), endere\u00e7o de e-mail e n\u00famero de telefone.<\/p>\r\n<p>Referimo-nos a essas informa\u00e7\u00f5es como \u201cInforma\u00e7\u00f5es do pedido\u201d.<\/p>\r\n<p>Quando falamos sobre \u201cInforma\u00e7\u00f5es Pessoais\u201d nesta Pol\u00edtica de Privacidade, estamos falando sobre Informa\u00e7\u00f5es do Dispositivo e Informa\u00e7\u00f5es do Pedido.<\/p>\r\n<p>Como usamos suas informa\u00e7\u00f5es pessoais?<\/p>\r\n<p>Usamos as Informa\u00e7\u00f5es do Pedido que coletamos geralmente para processar quaisquer pedidos feitos atrav\u00e9s do Site (incluindo o processamento de suas informa\u00e7\u00f5es de pagamento, providenciar emiss\u00e3o e envio, e fornecer faturas e \/ ou confirma\u00e7\u00f5es de pedido). Al\u00e9m disso, usamos essas Informa\u00e7\u00f5es do pedido para:<\/p>\r\n<p>\u2013 Comunicar com voc\u00ea;<br \/>\u2013 Rastrear nossos pedidos quanto a risco potencial ou fraude; e<br \/>\u2013 Fornecer-lhe informa\u00e7\u00f5es ou an\u00fancios relacionados aos nossos produtos ou servi\u00e7os.<\/p>\r\n<p>Usamos as informa\u00e7\u00f5es do dispositivo que coletamos para nos ajudar a rastrear poss\u00edveis riscos e fraudes (em particular, seu endere\u00e7o IP) e, de maneira mais geral, para melhorar e otimizar nosso Site (por exemplo, gerando an\u00e1lises sobre como nossos clientes navegam e interagem com do Site e para avaliar o sucesso de nossas campanhas de marketing e publicidade).<\/p>\r\n<p>Compartilhamos suas informa\u00e7\u00f5es pessoais com terceiros para nos ajudar a usar suas informa\u00e7\u00f5es pessoais, conforme descrito acima.<\/p>\r\n<p>Por exemplo, usamos o Google Analytics para nos ajudar a entender como nossos clientes usam o Site \u2013 voc\u00ea pode ler mais sobre como o Google usa suas informa\u00e7\u00f5es pessoais aqui: https:\/\/www.google.com\/intl\/en\/policies\/privacy\/<\/p>\r\n<p>Voc\u00ea tamb\u00e9m pode desativar o Google Analytics aqui: https:\/\/tools.google.com\/dlpage\/gaoptout.<\/p>\r\n<p>Finalmente, tamb\u00e9m podemos compartilhar suas informa\u00e7\u00f5es pessoais para cumprir as leis e regulamentos aplic\u00e1veis, para responder a uma intima\u00e7\u00e3o, ou outra solicita\u00e7\u00e3o legal de informa\u00e7\u00f5es que recebemos, ou para proteger nossos direitos de outra forma.<\/p>\r\n<p>Publicidade comportamental<\/p>\r\n<p>Conforme descrito acima, usamos suas Informa\u00e7\u00f5es Pessoais para fornecer-lhe an\u00fancios direcionados ou comunica\u00e7\u00f5es de marketing que acreditamos ser do seu interesse.<\/p>\r\n<p>Para obter mais informa\u00e7\u00f5es sobre como a publicidade direcionada funciona, voc\u00ea pode visitar a p\u00e1gina educacional da Network Advertising Initiative (\u201cNAI\u201d) em http:\/\/www.networkadvertising.org\/understanding-online-advertising\/how-does-it-work.<\/p>\r\n<p>Voc\u00ea pode desativar a publicidade direcionada usando os links abaixo:<\/p>\r\n<p>\u2013 Facebook: https:\/\/www.facebook.com\/settings\/?tab=ads<br \/>\u2013 Google: https:\/\/www.google.com\/settings\/ads\/anonymous<br \/>\u2013 Bing: https:\/\/advertise.bingads.microsoft.com\/en-us\/resources\/policies\/personalized-ads<\/p>\r\n<p>Al\u00e9m disso, voc\u00ea pode desativar alguns desses servi\u00e7os visitando o portal de desativa\u00e7\u00e3o da Digital Advertising Alliance em:<\/p>\r\n<p>http:\/\/optout.aboutads.info\/<br \/>http:\/\/optout.aboutads.info\/<\/p>\r\n<p>Observe que n\u00e3o alteramos a coleta de dados e as pr\u00e1ticas de uso de nosso Site quando vemos um sinal de N\u00e3o Rastrear em seu navegador.<\/p>\r\n<p>Reten\u00e7\u00e3o de dados<\/p>\r\n<p>Quando voc\u00ea faz um pedido atrav\u00e9s do Site, manteremos suas Informa\u00e7\u00f5es do Pedido para nossos registros, a menos e at\u00e9 que voc\u00ea nos pe\u00e7a para excluir essas informa\u00e7\u00f5es.<\/p>\r\n<p>Atualiza\u00e7\u00f5es<\/p>\r\n<p>Podemos atualizar esta pol\u00edtica de privacidade de tempos em tempos para refletir, por exemplo, mudan\u00e7as em nossas pr\u00e1ticas ou por outras raz\u00f5es operacionais, legais ou regulat\u00f3rias.<\/p>\r\n<p>Menores<\/p>\r\n<p>O Site n\u00e3o se destina a indiv\u00edduos menores de 18 anos.<\/p>\r\n<p>Marketing de texto e notifica\u00e7\u00f5es<\/p>\r\n<p>Ao assinar notifica\u00e7\u00f5es de texto, voc\u00ea concorda em receber mensagens de marketing autom\u00e1ticas recorrentes no n\u00famero de telefone fornecido. O consentimento n\u00e3o \u00e9 uma condi\u00e7\u00e3o de compra.<\/p>\r\n<p>Entre em Contato<\/p>\r\n<p>Para obter mais informa\u00e7\u00f5es sobre nossas pr\u00e1ticas de privacidade, se voc\u00ea tiver d\u00favidas ou quiser fazer uma reclama\u00e7\u00e3o, entre em contato conosco por e-mail.<\/p>","protected":false},"excerpt":{"rendered":"<p>Esta Pol\u00edtica de Privacidade descreve como suas informa\u00e7\u00f5es pessoais s\u00e3o coletadas, usadas e compartilhadas quando voc\u00ea visita https:\/\/www.justtraveltour.com (o \u201cSite\u201d). Informa\u00e7\u00f5es pessoais que coletamos: Quando voc\u00ea visita o Site, coletamos automaticamente certas informa\u00e7\u00f5es sobre seu dispositivo, incluindo informa\u00e7\u00f5es sobre seu &hellip;<\/p>","protected":false},"author":1,"featured_media":0,"parent":0,"menu_order":0,"comment_status":"closed","ping_status":"open","template":"","meta":{"_acf_changed":false,"footnotes":""},"class_list":["post-3","page","type-page","status-publish","hentry"],"acf":[],"_links":{"self":[{"href":"https:\/\/justtraveltour.com\/en\/wp-json\/wp\/v2\/pages\/3","targetHints":{"allow":["GET"]}}],"collection":[{"href":"https:\/\/justtraveltour.com\/en\/wp-json\/wp\/v2\/pages"}],"about":[{"href":"https:\/\/justtraveltour.com\/en\/wp-json\/wp\/v2\/types\/page"}],"author":[{"embeddable":true,"href":"https:\/\/justtraveltour.com\/en\/wp-json\/wp\/v2\/users\/1"}],"replies":[{"embeddable":true,"href":"https:\/\/justtraveltour.com\/en\/wp-json\/wp\/v2\/comments?post=3"}],"version-history":[{"count":1,"href":"https:\/\/justtraveltour.com\/en\/wp-json\/wp\/v2\/pages\/3\/revisions"}],"predecessor-version":[{"id":7907,"href":"https:\/\/justtraveltour.com\/en\/wp-json\/wp\/v2\/pages\/3\/revisions\/7907"}],"wp:attachment":[{"href":"https:\/\/justtraveltour.com\/en\/wp-json\/wp\/v2\/media?parent=3"}],"curies":[{"name":"wp","href":"https:\/\/api.w.org\/{rel}","templated":true}]}}