{"id":10229,"date":"2025-10-27T10:25:18","date_gmt":"2025-10-27T13:25:18","guid":{"rendered":"https:\/\/justtraveltour.com\/?page_id=10229"},"modified":"2025-10-30T15:44:10","modified_gmt":"2025-10-30T18:44:10","slug":"regulamento-campanha-de-vendas-black-travel-seguros-hero","status":"publish","type":"page","link":"https:\/\/justtraveltour.com\/en\/regulamento-campanha-de-vendas-black-travel-seguros-hero\/","title":{"rendered":"REGULAMENTO CAMPANHA DE VENDAS BLACK TRAVEL &#8211; HERO Seguros"},"content":{"rendered":"<div data-elementor-type=\"wp-page\" data-elementor-id=\"10229\" class=\"elementor elementor-10229\" data-elementor-post-type=\"page\">\n\t\t\t\t<div class=\"elementor-element elementor-element-123fc62 e-flex e-con-boxed e-con e-parent\" data-id=\"123fc62\" data-element_type=\"container\">\n\t\t\t\t\t<div class=\"e-con-inner\">\n\t\t\t\t<div class=\"elementor-element elementor-element-a7b0e3d elementor-widget elementor-widget-image\" data-id=\"a7b0e3d\" data-element_type=\"widget\" data-widget_type=\"image.default\">\n\t\t\t\t<div class=\"elementor-widget-container\">\n\t\t\t<style>\/*! elementor - v3.23.0 - 05-08-2024 *\/\n.elementor-widget-image{text-align:center}.elementor-widget-image a{display:inline-block}.elementor-widget-image a img[src$=\".svg\"]{width:48px}.elementor-widget-image img{vertical-align:middle;display:inline-block}<\/style>\t\t\t\t\t\t\t\t\t\t<img decoding=\"async\" src=\"https:\/\/justtraveltour.com\/wp-content\/uploads\/elementor\/thumbs\/Imagem-do-WhatsApp-de-2025-10-30-as-15.43.46_f7e06b09-rdzcb0e5x7b7euethqtyg83gi1xtlecklowlsq4ro4.jpg\" title=\"Imagem do WhatsApp de 2025-10-30 \u00e0(s) 15.43.46_f7e06b09\" alt=\"Imagem do WhatsApp de 2025-10-30 \u00e0(s) 15.43.46_f7e06b09\" loading=\"lazy\" \/>\t\t\t\t\t\t\t\t\t\t\t\t\t<\/div>\n\t\t\t\t<\/div>\n\t\t\t\t\t<\/div>\n\t\t\t\t<\/div>\n\t\t<div class=\"elementor-element elementor-element-0e2a056 e-flex e-con-boxed e-con e-parent\" data-id=\"0e2a056\" data-element_type=\"container\">\n\t\t\t\t\t<div class=\"e-con-inner\">\n\t\t\t\t<div class=\"elementor-element elementor-element-6ca182a elementor-widget elementor-widget-heading\" data-id=\"6ca182a\" data-element_type=\"widget\" data-widget_type=\"heading.default\">\n\t\t\t\t<div class=\"elementor-widget-container\">\n\t\t\t<style>\/*! elementor - v3.23.0 - 05-08-2024 *\/\n.elementor-heading-title{padding:0;margin:0;line-height:1}.elementor-widget-heading .elementor-heading-title[class*=elementor-size-]>a{color:inherit;font-size:inherit;line-height:inherit}.elementor-widget-heading .elementor-heading-title.elementor-size-small{font-size:15px}.elementor-widget-heading .elementor-heading-title.elementor-size-medium{font-size:19px}.elementor-widget-heading .elementor-heading-title.elementor-size-large{font-size:29px}.elementor-widget-heading .elementor-heading-title.elementor-size-xl{font-size:39px}.elementor-widget-heading .elementor-heading-title.elementor-size-xxl{font-size:59px}<\/style><h2 class=\"elementor-heading-title elementor-size-default\">REGULAMENTO OFICIAL \u2014 CAMPANHA DE VENDAS BLACK TRAVEL HERO SEGUROS<\/h2>\t\t<\/div>\n\t\t\t\t<\/div>\n\t\t\t\t\t<\/div>\n\t\t\t\t<\/div>\n\t\t<div class=\"elementor-element elementor-element-0c2ccca e-flex e-con-boxed e-con e-parent\" data-id=\"0c2ccca\" data-element_type=\"container\">\n\t\t\t\t\t<div class=\"e-con-inner\">\n\t\t\t\t<div class=\"elementor-element elementor-element-f204cf2 elementor-widget elementor-widget-text-editor\" data-id=\"f204cf2\" data-element_type=\"widget\" data-widget_type=\"text-editor.default\">\n\t\t\t\t<div class=\"elementor-widget-container\">\n\t\t\t<style>\/*! elementor - v3.23.0 - 05-08-2024 *\/\n.elementor-widget-text-editor.elementor-drop-cap-view-stacked .elementor-drop-cap{background-color:#69727d;color:#fff}.elementor-widget-text-editor.elementor-drop-cap-view-framed .elementor-drop-cap{color:#69727d;border:3px solid;background-color:transparent}.elementor-widget-text-editor:not(.elementor-drop-cap-view-default) .elementor-drop-cap{margin-top:8px}.elementor-widget-text-editor:not(.elementor-drop-cap-view-default) .elementor-drop-cap-letter{width:1em;height:1em}.elementor-widget-text-editor .elementor-drop-cap{float:left;text-align:center;line-height:1;font-size:50px}.elementor-widget-text-editor .elementor-drop-cap-letter{display:inline-block}<\/style>\t\t\t\t<p>1. Per\u00edodo da Campanha<\/p><p>A campanha ser\u00e1 v\u00e1lida de 3\/11\/2025 a 30\/11\/2025 considerando as vendas realizadas dentro desse intervalo.<\/p><p>\u00a0<\/p><p>2. P\u00fablico-Alvo<\/p><p>Poder\u00e3o participar da campanha todos os agentes de viagens cadastrados na Just Travel Tour que realizarem vendas de Seguros HERO durante o per\u00edodo de vig\u00eancia.<\/p><p>\u00a0<\/p><p>3. Mec\u00e2nica da Campanha<\/p><p>Cada venda de Seguros HERO realizada no per\u00edodo da campanha ser\u00e1 contabilizada para o ranking de desempenho.<\/p><p>Ao final da campanha, os tr\u00eas agentes que mais venderem os seguros ser\u00e3o premiados conforme a classifica\u00e7\u00e3o.<\/p><p>Para incentivar as vendas, os clientes ter\u00e3o acesso ao cupom exclusivo BLACKFRIDAY15, que garante 15% de desconto na compra do seguro.<\/p><p>\u00a0<\/p><p>4. Premia\u00e7\u00e3o<\/p><p>Os pr\u00eamios ser\u00e3o concedidos aos tr\u00eas primeiros colocados no ranking:<\/p><p>\ud83e\udd47 1\u00ba lugar: R$ 1.200,00 no PIX<\/p><p>\ud83e\udd48 2\u00ba lugar: R$ 500,00 no PIX<\/p><p>\ud83e\udd49 3\u00ba lugar: R$ 300,00 no PIX<\/p><p>\u00a0<\/p><p>5. Divulga\u00e7\u00e3o dos Resultados<\/p><p>O resultado ser\u00e1 divulgado em at\u00e9 10 dias \u00fateis ap\u00f3s o encerramento da campanha, nos canais oficiais da Just Travel Tour.<\/p><p>Os vencedores ser\u00e3o comunicados diretamente por e-mail e\/ou WhatsApp.<\/p><p>\u00a0<\/p><p>6. Forma de Pagamento do Pr\u00eamio<\/p><p>O pr\u00eamio ser\u00e1 pago em at\u00e9 30 dias ap\u00f3s a divulga\u00e7\u00e3o do resultado, via transfer\u00eancia banc\u00e1ria para a conta informada pelo ganhador.<\/p><p>O pr\u00eamio \u00e9 pessoal e intransfer\u00edvel.<\/p><p>\u00a0<\/p><p>7. Condi\u00e7\u00f5es Gerais<\/p><ul><li>Somente ser\u00e3o consideradas v\u00e1lidas as vendas devidamente registradas e confirmadas no sistema da Just Travel Tour.<\/li><li>Em caso de empate no n\u00famero de vendas, o crit\u00e9rio de desempate ser\u00e1 o maior valor total em vendas de seguros.<\/li><li>A Just Travel Tour reserva-se o direito de desclassificar qualquer participante que descumpra o regulamento ou tente fraudar a campanha.<\/li><li>A participa\u00e7\u00e3o na campanha implica na aceita\u00e7\u00e3o total deste regulamento.<\/li><\/ul>\t\t\t\t\t\t<\/div>\n\t\t\t\t<\/div>\n\t\t\t\t\t<\/div>\n\t\t\t\t<\/div>\n\t\t\t\t<\/div>","protected":false},"excerpt":{"rendered":"<p>REGULAMENTO OFICIAL \u2014 CAMPANHA DE VENDAS BLACK TRAVEL HERO SEGUROS 1. Per\u00edodo da Campanha A campanha ser\u00e1 v\u00e1lida de 3\/11\/2025 a 30\/11\/2025 considerando as vendas realizadas dentro desse intervalo. \u00a0 2. P\u00fablico-Alvo Poder\u00e3o participar da campanha todos os agentes de &hellip;<\/p>","protected":false},"author":1,"featured_media":0,"parent":0,"menu_order":0,"comment_status":"closed","ping_status":"closed","template":"elementor_header_footer","meta":{"_acf_changed":false,"footnotes":""},"class_list":["post-10229","page","type-page","status-publish","hentry"],"acf":[],"_links":{"self":[{"href":"https:\/\/justtraveltour.com\/en\/wp-json\/wp\/v2\/pages\/10229","targetHints":{"allow":["GET"]}}],"collection":[{"href":"https:\/\/justtraveltour.com\/en\/wp-json\/wp\/v2\/pages"}],"about":[{"href":"https:\/\/justtraveltour.com\/en\/wp-json\/wp\/v2\/types\/page"}],"author":[{"embeddable":true,"href":"https:\/\/justtraveltour.com\/en\/wp-json\/wp\/v2\/users\/1"}],"replies":[{"embeddable":true,"href":"https:\/\/justtraveltour.com\/en\/wp-json\/wp\/v2\/comments?post=10229"}],"version-history":[{"count":19,"href":"https:\/\/justtraveltour.com\/en\/wp-json\/wp\/v2\/pages\/10229\/revisions"}],"predecessor-version":[{"id":10331,"href":"https:\/\/justtraveltour.com\/en\/wp-json\/wp\/v2\/pages\/10229\/revisions\/10331"}],"wp:attachment":[{"href":"https:\/\/justtraveltour.com\/en\/wp-json\/wp\/v2\/media?parent=10229"}],"curies":[{"name":"wp","href":"https:\/\/api.w.org\/{rel}","templated":true}]}}