{"id":10200,"date":"2025-10-27T10:02:38","date_gmt":"2025-10-27T13:02:38","guid":{"rendered":"https:\/\/justtraveltour.com\/?page_id=10200"},"modified":"2025-11-01T09:13:05","modified_gmt":"2025-11-01T12:13:05","slug":"regulamento-campanha-hoteisus-de-vendas-black-travel","status":"publish","type":"page","link":"https:\/\/justtraveltour.com\/en\/regulamento-campanha-hoteisus-de-vendas-black-travel\/","title":{"rendered":"REGULAMENTO CAMPANHA DE VENDAS HOT\u00c9IS UNIVERSAL BLACK TAVEL"},"content":{"rendered":"<div data-elementor-type=\"wp-page\" data-elementor-id=\"10200\" class=\"elementor elementor-10200\" data-elementor-post-type=\"page\">\n\t\t\t\t<div class=\"elementor-element elementor-element-123fc62 e-flex e-con-boxed e-con e-parent\" data-id=\"123fc62\" data-element_type=\"container\">\n\t\t\t\t\t<div class=\"e-con-inner\">\n\t\t\t\t<div class=\"elementor-element elementor-element-a7b0e3d elementor-widget elementor-widget-image\" data-id=\"a7b0e3d\" data-element_type=\"widget\" data-widget_type=\"image.default\">\n\t\t\t\t<div class=\"elementor-widget-container\">\n\t\t\t<style>\/*! elementor - v3.23.0 - 05-08-2024 *\/\n.elementor-widget-image{text-align:center}.elementor-widget-image a{display:inline-block}.elementor-widget-image a img[src$=\".svg\"]{width:48px}.elementor-widget-image img{vertical-align:middle;display:inline-block}<\/style>\t\t\t\t\t\t\t\t\t\t<img decoding=\"async\" src=\"https:\/\/justtraveltour.com\/wp-content\/uploads\/elementor\/thumbs\/6f9c0fff-790e-43a8-9c42-46bb2a2e87b3-re2cm1r59ysswcuaumj4ttdwke2tqg9bo4xpzyzndg.jpeg\" title=\"6f9c0fff-790e-43a8-9c42-46bb2a2e87b3\" alt=\"6f9c0fff-790e-43a8-9c42-46bb2a2e87b3\" loading=\"lazy\" \/>\t\t\t\t\t\t\t\t\t\t\t\t\t<\/div>\n\t\t\t\t<\/div>\n\t\t\t\t\t<\/div>\n\t\t\t\t<\/div>\n\t\t<div class=\"elementor-element elementor-element-0e2a056 e-flex e-con-boxed e-con e-parent\" data-id=\"0e2a056\" data-element_type=\"container\">\n\t\t\t\t\t<div class=\"e-con-inner\">\n\t\t\t\t<div class=\"elementor-element elementor-element-6ca182a elementor-widget elementor-widget-heading\" data-id=\"6ca182a\" data-element_type=\"widget\" data-widget_type=\"heading.default\">\n\t\t\t\t<div class=\"elementor-widget-container\">\n\t\t\t<style>\/*! elementor - v3.23.0 - 05-08-2024 *\/\n.elementor-heading-title{padding:0;margin:0;line-height:1}.elementor-widget-heading .elementor-heading-title[class*=elementor-size-]>a{color:inherit;font-size:inherit;line-height:inherit}.elementor-widget-heading .elementor-heading-title.elementor-size-small{font-size:15px}.elementor-widget-heading .elementor-heading-title.elementor-size-medium{font-size:19px}.elementor-widget-heading .elementor-heading-title.elementor-size-large{font-size:29px}.elementor-widget-heading .elementor-heading-title.elementor-size-xl{font-size:39px}.elementor-widget-heading .elementor-heading-title.elementor-size-xxl{font-size:59px}<\/style><h2 class=\"elementor-heading-title elementor-size-default\">REGULAMENTO | CAMPANHA DE VENDAS HOT\u00c9IS UNIVERSAL BLACK TRAVEL<\/h2>\t\t<\/div>\n\t\t\t\t<\/div>\n\t\t\t\t\t<\/div>\n\t\t\t\t<\/div>\n\t\t<div class=\"elementor-element elementor-element-0c2ccca e-flex e-con-boxed e-con e-parent\" data-id=\"0c2ccca\" data-element_type=\"container\">\n\t\t\t\t\t<div class=\"e-con-inner\">\n\t\t\t\t<div class=\"elementor-element elementor-element-f204cf2 elementor-widget elementor-widget-text-editor\" data-id=\"f204cf2\" data-element_type=\"widget\" data-widget_type=\"text-editor.default\">\n\t\t\t\t<div class=\"elementor-widget-container\">\n\t\t\t<style>\/*! elementor - v3.23.0 - 05-08-2024 *\/\n.elementor-widget-text-editor.elementor-drop-cap-view-stacked .elementor-drop-cap{background-color:#69727d;color:#fff}.elementor-widget-text-editor.elementor-drop-cap-view-framed .elementor-drop-cap{color:#69727d;border:3px solid;background-color:transparent}.elementor-widget-text-editor:not(.elementor-drop-cap-view-default) .elementor-drop-cap{margin-top:8px}.elementor-widget-text-editor:not(.elementor-drop-cap-view-default) .elementor-drop-cap-letter{width:1em;height:1em}.elementor-widget-text-editor .elementor-drop-cap{float:left;text-align:center;line-height:1;font-size:50px}.elementor-widget-text-editor .elementor-drop-cap-letter{display:inline-block}<\/style>\t\t\t\t<h2 data-start=\"276\" data-end=\"313\">\u2728 <strong data-start=\"281\" data-end=\"313\">Semana Universal Just Travel<\/strong><\/h2><p>\u00a0<\/p><p data-start=\"315\" data-end=\"488\">\ud83d\udcc5 <strong data-start=\"318\" data-end=\"330\">Per\u00edodo:<\/strong> 01 a 09 de novembro de 2025<br data-start=\"358\" data-end=\"361\" \/>\ud83c\udfaf <strong data-start=\"364\" data-end=\"373\">Foco:<\/strong> Hot\u00e9is da Rede <strong data-start=\"389\" data-end=\"417\">Universal Orlando Resort<\/strong><br data-start=\"417\" data-end=\"420\" \/>\ud83d\udcb8 <strong data-start=\"423\" data-end=\"450\">Desconto Cliente Final:<\/strong> <strong data-start=\"451\" data-end=\"488\">8% sobre o valor total da <\/strong><strong data-start=\"451\" data-end=\"488\">reserva<\/strong><\/p><p data-start=\"315\" data-end=\"488\">Cupom: BFRIDAY8<\/p><h2 data-start=\"495\" data-end=\"515\">\u00a0<\/h2><h2 data-start=\"495\" data-end=\"515\">\ud83c\udfaf <strong data-start=\"501\" data-end=\"513\">Objetivo<\/strong><\/h2><p data-start=\"516\" data-end=\"733\">Impulsionar as vendas dos <strong data-start=\"542\" data-end=\"578\">hot\u00e9is da Rede Universal Orlando<\/strong> logo no in\u00edcio de novembro, aquecendo as ag\u00eancias parceiras e gerando tra\u00e7\u00e3o para o restante das campanhas de hotelaria da <strong data-start=\"702\" data-end=\"730\">Black Friday Just Travel<\/strong>.<\/p><p data-start=\"735\" data-end=\"903\">A campanha busca incentivar o agente a vender com estrat\u00e9gia, aproveitar o desconto especial oferecido ao cliente final e conquistar uma experi\u00eancia \u00fanica no destino.<\/p><h2 data-start=\"910\" data-end=\"929\">\u00a0<\/h2><h2 data-start=\"910\" data-end=\"929\">\ud83c\udfc6 <strong data-start=\"916\" data-end=\"929\">Premia\u00e7\u00e3o<\/strong><span style=\"font-size: 16px; font-style: italic;\">\u00a0<\/span><\/h2><h3 data-start=\"1450\" data-end=\"1482\">\ud83e\udd47 <strong data-start=\"1037\" data-end=\"1049\">1\u00ba lugar &#8211; Maior volume de vendas (R$) em hot\u00e9is Universal entre 01 e 09\/11<\/strong><\/h3><p><strong data-start=\"1119\" data-end=\"1179\">1 di\u00e1ria no Hard Rock Hotel (Universal Orlando Resort)<\/strong>, com experi\u00eancia completa de hospedagem.<\/p><p>Valor m\u00e1ximo de di\u00e1ria R$ 2.500,00<\/p><p>O pr\u00eamio foi pensado para oferecer ao agente vencedor a chance de viver o produto que vende, conhecendo de perto a estrutura, o servi\u00e7o e o conceito dos hot\u00e9is Universal.<\/p><h2 data-start=\"1450\" data-end=\"1482\">\u00a0<\/h2><h2 data-start=\"1450\" data-end=\"1482\">\ud83d\udcca <strong data-start=\"1456\" data-end=\"1482\">Regras de Participa\u00e7\u00e3o<\/strong><\/h2><ul data-start=\"1484\" data-end=\"1939\"><li data-start=\"1484\" data-end=\"1559\"><p data-start=\"1486\" data-end=\"1559\">Participa\u00e7\u00e3o exclusiva para <strong data-start=\"1514\" data-end=\"1537\">agentes Just Travel<\/strong>.<\/p><\/li><li data-start=\"1560\" data-end=\"1707\"><p data-start=\"1562\" data-end=\"1707\">Ser\u00e3o consideradas <strong data-start=\"1581\" data-end=\"1615\">vendas confirmadas e faturadas<\/strong> de hot\u00e9is da <strong data-start=\"1629\" data-end=\"1655\">Rede Universal Orlando<\/strong> realizadas entre <strong data-start=\"1673\" data-end=\"1704\">01 e 09 de novembro de 2025<\/strong>.<\/p><\/li><li data-start=\"1708\" data-end=\"1787\"><p data-start=\"1710\" data-end=\"1787\">Cancelamentos, estornos ou reservas n\u00e3o pagas <strong data-start=\"1756\" data-end=\"1784\">n\u00e3o ser\u00e3o contabilizados<\/strong>.<\/p><\/li><li data-start=\"1788\" data-end=\"1939\"><p data-start=\"1790\" data-end=\"1841\">Em caso de empate, os crit\u00e9rios de desempate ser\u00e3o:<\/p><ol data-start=\"1844\" data-end=\"1939\"><li data-start=\"1844\" data-end=\"1886\"><p data-start=\"1847\" data-end=\"1886\">Maior n\u00famero de reservas confirmadas;<\/p><\/li><li data-start=\"1889\" data-end=\"1939\"><p data-start=\"1892\" data-end=\"1939\">Ordem cronol\u00f3gica da \u00faltima venda registrada.<\/p><\/li><\/ol><\/li><\/ul><h2 data-start=\"1946\" data-end=\"1976\">\u00a0<\/h2><h2 data-start=\"1946\" data-end=\"1976\">\ud83c\udf81 <strong data-start=\"1952\" data-end=\"1976\">Entrega da Premia\u00e7\u00e3o<\/strong><\/h2><ul data-start=\"1978\" data-end=\"2308\"><li data-start=\"1978\" data-end=\"2081\"><p data-start=\"1980\" data-end=\"2081\">O agente vencedor ser\u00e1 anunciado at\u00e9 <strong data-start=\"2017\" data-end=\"2043\">20 de novembro de 2025<\/strong> nos canais oficiais da Just Travel.<\/p><\/li><li data-start=\"2082\" data-end=\"2234\"><p data-start=\"2084\" data-end=\"2234\">A viagem e hospedagem no <strong>Hard Rock Hotel<\/strong>\u00a0ser\u00e3o agendadas de acordo com a disponibilidade do hotel e as condi\u00e7\u00f5es operacionais da Universal Orlando.<\/p><\/li><li data-start=\"2235\" data-end=\"2308\"><p data-start=\"2237\" data-end=\"2308\">O pr\u00eamio \u00e9 <strong data-start=\"2248\" data-end=\"2305\">pessoal, intransfer\u00edvel e n\u00e3o convers\u00edvel em dinheiro<\/strong>.<\/p><\/li><\/ul><h2 data-start=\"2315\" data-end=\"2341\">\u00a0<\/h2><h2 data-start=\"2315\" data-end=\"2341\">\u26a0\ufe0f <strong data-start=\"2321\" data-end=\"2341\">Condi\u00e7\u00f5es Gerais<\/strong><\/h2><ul data-start=\"2343\" data-end=\"2757\"><li data-start=\"2343\" data-end=\"2463\"><p data-start=\"2345\" data-end=\"2463\">A Just Travel reserva-se o direito de <strong data-start=\"2383\" data-end=\"2427\">auditar os resultados e validar os dados<\/strong> de todas as vendas participantes.<\/p><\/li><li data-start=\"2464\" data-end=\"2544\"><p data-start=\"2466\" data-end=\"2544\">A participa\u00e7\u00e3o na campanha implica <strong data-start=\"2501\" data-end=\"2541\">aceita\u00e7\u00e3o integral deste regulamento<\/strong>.<\/p><\/li><li data-start=\"2545\" data-end=\"2665\"><p data-start=\"2547\" data-end=\"2665\">A empresa poder\u00e1, se necess\u00e1rio, <strong data-start=\"2580\" data-end=\"2622\">alterar as datas, condi\u00e7\u00f5es ou pr\u00eamios<\/strong> mediante aviso pr\u00e9vio aos participantes.<\/p><\/li><li data-start=\"2666\" data-end=\"2757\"><p data-start=\"2668\" data-end=\"2757\">Casos omissos ser\u00e3o avaliados e resolvidos pela <strong data-start=\"2716\" data-end=\"2754\">Diretoria Comercial da Just Travel<\/strong>.<\/p><\/li><\/ul><p data-start=\"2764\" data-end=\"2880\">\u00a0<\/p><p data-start=\"2764\" data-end=\"2880\">\u2728 <strong data-start=\"2766\" data-end=\"2797\">Venda o que voc\u00ea vai viver.<\/strong><br data-start=\"2797\" data-end=\"2800\" \/>Transforme seu conhecimento em experi\u00eancia \u2014 e sua experi\u00eancia em mais vendas.<\/p>\t\t\t\t\t\t<\/div>\n\t\t\t\t<\/div>\n\t\t\t\t\t<\/div>\n\t\t\t\t<\/div>\n\t\t\t\t<\/div>","protected":false},"excerpt":{"rendered":"<p>REGULAMENTO | CAMPANHA DE VENDAS HOT\u00c9IS UNIVERSAL BLACK TRAVEL \u2728 Semana Universal Just Travel \u00a0 \ud83d\udcc5 Per\u00edodo: 01 a 09 de novembro de 2025\ud83c\udfaf Foco: Hot\u00e9is da Rede Universal Orlando Resort\ud83d\udcb8 Desconto Cliente Final: 8% sobre o valor total da &hellip;<\/p>","protected":false},"author":1,"featured_media":0,"parent":0,"menu_order":0,"comment_status":"closed","ping_status":"closed","template":"elementor_header_footer","meta":{"_acf_changed":false,"footnotes":""},"class_list":["post-10200","page","type-page","status-publish","hentry"],"acf":[],"_links":{"self":[{"href":"https:\/\/justtraveltour.com\/en\/wp-json\/wp\/v2\/pages\/10200","targetHints":{"allow":["GET"]}}],"collection":[{"href":"https:\/\/justtraveltour.com\/en\/wp-json\/wp\/v2\/pages"}],"about":[{"href":"https:\/\/justtraveltour.com\/en\/wp-json\/wp\/v2\/types\/page"}],"author":[{"embeddable":true,"href":"https:\/\/justtraveltour.com\/en\/wp-json\/wp\/v2\/users\/1"}],"replies":[{"embeddable":true,"href":"https:\/\/justtraveltour.com\/en\/wp-json\/wp\/v2\/comments?post=10200"}],"version-history":[{"count":37,"href":"https:\/\/justtraveltour.com\/en\/wp-json\/wp\/v2\/pages\/10200\/revisions"}],"predecessor-version":[{"id":10348,"href":"https:\/\/justtraveltour.com\/en\/wp-json\/wp\/v2\/pages\/10200\/revisions\/10348"}],"wp:attachment":[{"href":"https:\/\/justtraveltour.com\/en\/wp-json\/wp\/v2\/media?parent=10200"}],"curies":[{"name":"wp","href":"https:\/\/api.w.org\/{rel}","templated":true}]}}