{"id":10195,"date":"2025-10-27T09:53:55","date_gmt":"2025-10-27T12:53:55","guid":{"rendered":"https:\/\/justtraveltour.com\/?page_id=10195"},"modified":"2025-10-29T10:25:26","modified_gmt":"2025-10-29T13:25:26","slug":"regulamento-campanha-geral-black-just","status":"publish","type":"page","link":"https:\/\/justtraveltour.com\/en\/regulamento-campanha-geral-black-just\/","title":{"rendered":"REGULAMENTO CAMPANHA GERAL DE VENDAS BLACK TAVEL"},"content":{"rendered":"<div data-elementor-type=\"wp-page\" data-elementor-id=\"10195\" class=\"elementor elementor-10195\" data-elementor-post-type=\"page\">\n\t\t\t\t<div class=\"elementor-element elementor-element-123fc62 e-flex e-con-boxed e-con e-parent\" data-id=\"123fc62\" data-element_type=\"container\">\n\t\t\t\t\t<div class=\"e-con-inner\">\n\t\t\t\t<div class=\"elementor-element elementor-element-a7b0e3d elementor-widget elementor-widget-image\" data-id=\"a7b0e3d\" data-element_type=\"widget\" data-widget_type=\"image.default\">\n\t\t\t\t<div class=\"elementor-widget-container\">\n\t\t\t<style>\/*! elementor - v3.23.0 - 05-08-2024 *\/\n.elementor-widget-image{text-align:center}.elementor-widget-image a{display:inline-block}.elementor-widget-image a img[src$=\".svg\"]{width:48px}.elementor-widget-image img{vertical-align:middle;display:inline-block}<\/style>\t\t\t\t\t\t\t\t\t\t<img decoding=\"async\" src=\"https:\/\/justtraveltour.com\/wp-content\/uploads\/elementor\/thumbs\/Imagem-do-WhatsApp-de-2025-10-29-as-10.24.43_d78301ac-rdx7rqz6sxkdfikza9nt5076ss9ttb5gsevmgpdwk4.jpg\" title=\"Imagem do WhatsApp de 2025-10-29 \u00e0(s) 10.24.43_d78301ac\" alt=\"Imagem do WhatsApp de 2025-10-29 \u00e0(s) 10.24.43_d78301ac\" loading=\"lazy\" \/>\t\t\t\t\t\t\t\t\t\t\t\t\t<\/div>\n\t\t\t\t<\/div>\n\t\t\t\t\t<\/div>\n\t\t\t\t<\/div>\n\t\t<div class=\"elementor-element elementor-element-0e2a056 e-flex e-con-boxed e-con e-parent\" data-id=\"0e2a056\" data-element_type=\"container\">\n\t\t\t\t\t<div class=\"e-con-inner\">\n\t\t\t\t<div class=\"elementor-element elementor-element-6ca182a elementor-widget elementor-widget-heading\" data-id=\"6ca182a\" data-element_type=\"widget\" data-widget_type=\"heading.default\">\n\t\t\t\t<div class=\"elementor-widget-container\">\n\t\t\t<style>\/*! elementor - v3.23.0 - 05-08-2024 *\/\n.elementor-heading-title{padding:0;margin:0;line-height:1}.elementor-widget-heading .elementor-heading-title[class*=elementor-size-]>a{color:inherit;font-size:inherit;line-height:inherit}.elementor-widget-heading .elementor-heading-title.elementor-size-small{font-size:15px}.elementor-widget-heading .elementor-heading-title.elementor-size-medium{font-size:19px}.elementor-widget-heading .elementor-heading-title.elementor-size-large{font-size:29px}.elementor-widget-heading .elementor-heading-title.elementor-size-xl{font-size:39px}.elementor-widget-heading .elementor-heading-title.elementor-size-xxl{font-size:59px}<\/style><h2 class=\"elementor-heading-title elementor-size-default\">REGULAMENTO | CAMPANHA GERAL DE VENDAS BLACK TRAVEL<\/h2>\t\t<\/div>\n\t\t\t\t<\/div>\n\t\t\t\t\t<\/div>\n\t\t\t\t<\/div>\n\t\t<div class=\"elementor-element elementor-element-0c2ccca e-flex e-con-boxed e-con e-parent\" data-id=\"0c2ccca\" data-element_type=\"container\">\n\t\t\t\t\t<div class=\"e-con-inner\">\n\t\t\t\t<div class=\"elementor-element elementor-element-f204cf2 elementor-widget elementor-widget-text-editor\" data-id=\"f204cf2\" data-element_type=\"widget\" data-widget_type=\"text-editor.default\">\n\t\t\t\t<div class=\"elementor-widget-container\">\n\t\t\t<style>\/*! elementor - v3.23.0 - 05-08-2024 *\/\n.elementor-widget-text-editor.elementor-drop-cap-view-stacked .elementor-drop-cap{background-color:#69727d;color:#fff}.elementor-widget-text-editor.elementor-drop-cap-view-framed .elementor-drop-cap{color:#69727d;border:3px solid;background-color:transparent}.elementor-widget-text-editor:not(.elementor-drop-cap-view-default) .elementor-drop-cap{margin-top:8px}.elementor-widget-text-editor:not(.elementor-drop-cap-view-default) .elementor-drop-cap-letter{width:1em;height:1em}.elementor-widget-text-editor .elementor-drop-cap{float:left;text-align:center;line-height:1;font-size:50px}.elementor-widget-text-editor .elementor-drop-cap-letter{display:inline-block}<\/style>\t\t\t\t<p data-start=\"293\" data-end=\"537\"><strong data-start=\"296\" data-end=\"308\">Objetivo<\/strong><br data-start=\"308\" data-end=\"311\" \/>Reconhecer e premiar os agentes de viagem que mais venderem durante o m\u00eas de novembro, impulsionando o volume total de vendas em todas as categorias da Just Travel \u2014 ingressos, hot\u00e9is, carros, seguros, roteiros e muito mais.<\/p><p data-start=\"293\" data-end=\"537\">\u00a0<\/p><p data-start=\"539\" data-end=\"638\">\ud83d\udcc5 <strong data-start=\"542\" data-end=\"554\">Per\u00edodo:<\/strong> 1 a 30 de novembro de 2025<br data-start=\"581\" data-end=\"584\" \/>\ud83d\udc65 <strong data-start=\"587\" data-end=\"599\">P\u00fablico:<\/strong> Agentes Just Travel\u00a0<\/p><h2 data-start=\"539\" data-end=\"638\">\u00a0<\/h2><h2 data-start=\"539\" data-end=\"638\">\ud83c\udfc6 <strong data-start=\"651\" data-end=\"676\">MEC\u00c2NICA DE PREMIA\u00c7\u00c3O<\/strong><\/h2><p><span style=\"font-weight: 400;\">Vendas acima de 3.5MM &#8211; 1 Iphone 17 PRO 256GB<\/span><\/p><p><span style=\"font-weight: 400;\">Vendas acima de 2.5MM &#8211; 1 Iphone 17 256GB<\/span><\/p><p><span style=\"font-weight: 400;\">Vendas acima de 1.5MM &#8211; R$ 1.500,00 no PIX<\/span><\/p><p><span style=\"font-weight: 400;\">Vendas acima de 800K &#8211; R$ 1.000,00 no PIX<\/span><\/p><p><span style=\"font-weight: 400;\">Vendas acima de 500K &#8211; R$ 500,00 no PIX<\/span><\/p><p data-start=\"1296\" data-end=\"1438\">\ud83d\uddd3 <strong data-start=\"1299\" data-end=\"1351\">Todas as categorias de produtos est\u00e3o inclu\u00eddas.<\/strong><\/p><p data-start=\"1296\" data-end=\"1438\">\ud83d\udca1 <strong data-start=\"1357\" data-end=\"1436\">V\u00e1lido apenas para vendas conclu\u00eddas e pagas dentro do per\u00edodo da campanha.<\/strong><\/p><h2 data-start=\"1445\" data-end=\"1468\">\u00a0<\/h2><h2 data-start=\"1445\" data-end=\"1468\">\ud83d\udcca <strong data-start=\"1451\" data-end=\"1468\">Regras Gerais<\/strong><\/h2><ul data-start=\"1470\" data-end=\"1932\"><li data-start=\"1470\" data-end=\"1557\"><p data-start=\"1472\" data-end=\"1557\">Participa\u00e7\u00e3o v\u00e1lida exclusivamente para <strong data-start=\"1512\" data-end=\"1535\">agentes Just Travel<\/strong>.<\/p><\/li><li data-start=\"1558\" data-end=\"1657\"><p data-start=\"1560\" data-end=\"1657\">Ser\u00e3o consideradas apenas <strong data-start=\"1586\" data-end=\"1654\">vendas confirmadas e faturadas entre 01 e 30 de novembro de 2025<\/strong>.<\/p><\/li><li data-start=\"1658\" data-end=\"1736\"><p data-start=\"1660\" data-end=\"1736\">Cancelamentos, estornos e reservas n\u00e3o pagas <strong data-start=\"1705\" data-end=\"1733\">n\u00e3o ser\u00e3o contabilizados<\/strong>.<\/p><\/li><\/ul><h2 data-start=\"1939\" data-end=\"1971\">\u00a0<\/h2><h2 data-start=\"1939\" data-end=\"1971\">\ud83c\udf81 <strong data-start=\"1945\" data-end=\"1971\">Entrega das Premia\u00e7\u00f5es<\/strong><\/h2><ul data-start=\"1973\" data-end=\"2307\"><li data-start=\"1973\" data-end=\"2035\"><p data-start=\"1975\" data-end=\"2035\">Os pr\u00eamios ser\u00e3o entregues <strong data-start=\"2002\" data-end=\"2032\">at\u00e9 20 de dezembro de 2025<\/strong>.<\/p><\/li><li data-start=\"2036\" data-end=\"2141\"><p data-start=\"2038\" data-end=\"2141\">A Just Travel divulgar\u00e1 os ganhadores oficialmente em seus <strong data-start=\"2097\" data-end=\"2138\">canais de comunica\u00e7\u00e3o e redes sociais<\/strong>.<\/p><\/li><li data-start=\"2142\" data-end=\"2238\"><p data-start=\"2144\" data-end=\"2238\">Os valores em PIX ser\u00e3o transferidos diretamente para a conta indicada pelo agente premiado.<\/p><\/li><li data-start=\"2239\" data-end=\"2307\"><p data-start=\"2241\" data-end=\"2307\">Os pr\u00eamios s\u00e3o <strong data-start=\"2256\" data-end=\"2306\">intransfer\u00edveis e n\u00e3o convert\u00edveis em dinheiro<\/strong>.<\/p><\/li><\/ul><h2 data-start=\"2314\" data-end=\"2342\">\u00a0<\/h2><h2 data-start=\"2314\" data-end=\"2342\">\u26a0\ufe0f <strong data-start=\"2320\" data-end=\"2342\">Disposi\u00e7\u00f5es Finais<\/strong><\/h2><ul data-start=\"2344\" data-end=\"2780\"><li data-start=\"2344\" data-end=\"2453\"><p data-start=\"2346\" data-end=\"2453\">A Just Travel reserva-se o direito de <strong data-start=\"2384\" data-end=\"2409\">auditar os resultados<\/strong> e verificar a veracidade das informa\u00e7\u00f5es.<\/p><\/li><li data-start=\"2454\" data-end=\"2537\"><p data-start=\"2456\" data-end=\"2537\">A participa\u00e7\u00e3o nesta campanha implica <strong data-start=\"2494\" data-end=\"2534\">aceita\u00e7\u00e3o integral deste regulamento<\/strong>.<\/p><\/li><li data-start=\"2538\" data-end=\"2661\"><p data-start=\"2540\" data-end=\"2661\">A empresa poder\u00e1 <strong data-start=\"2557\" data-end=\"2617\">alterar o regulamento ou prorrogar o per\u00edodo da campanha<\/strong>, mediante aviso pr\u00e9vio aos participantes.<\/p><\/li><li data-start=\"2662\" data-end=\"2780\"><p data-start=\"2664\" data-end=\"2780\">Situa\u00e7\u00f5es n\u00e3o previstas neste regulamento ser\u00e3o avaliadas e decididas pela <strong data-start=\"2739\" data-end=\"2777\">Diretoria Comercial da Just Travel<\/strong>.<\/p><\/li><\/ul><p data-start=\"2787\" data-end=\"2908\">\u00a0<\/p><p data-start=\"2787\" data-end=\"2908\">\u2728 <strong data-start=\"2789\" data-end=\"2871\">Acelere suas vendas, conquiste grandes resultados e celebre com a Just Travel.<\/strong><br data-start=\"2871\" data-end=\"2874\" \/><strong data-start=\"2874\" data-end=\"2908\">Novembro \u00e9 o m\u00eas para ir al\u00e9m.<\/strong><\/p>\t\t\t\t\t\t<\/div>\n\t\t\t\t<\/div>\n\t\t\t\t\t<\/div>\n\t\t\t\t<\/div>\n\t\t\t\t<\/div>","protected":false},"excerpt":{"rendered":"<p>REGULAMENTO | CAMPANHA GERAL DE VENDAS BLACK TRAVEL ObjetivoReconhecer e premiar os agentes de viagem que mais venderem durante o m\u00eas de novembro, impulsionando o volume total de vendas em todas as categorias da Just Travel \u2014 ingressos, hot\u00e9is, carros, &hellip;<\/p>","protected":false},"author":1,"featured_media":0,"parent":0,"menu_order":0,"comment_status":"closed","ping_status":"closed","template":"elementor_header_footer","meta":{"_acf_changed":false,"footnotes":""},"class_list":["post-10195","page","type-page","status-publish","hentry"],"acf":[],"_links":{"self":[{"href":"https:\/\/justtraveltour.com\/en\/wp-json\/wp\/v2\/pages\/10195","targetHints":{"allow":["GET"]}}],"collection":[{"href":"https:\/\/justtraveltour.com\/en\/wp-json\/wp\/v2\/pages"}],"about":[{"href":"https:\/\/justtraveltour.com\/en\/wp-json\/wp\/v2\/types\/page"}],"author":[{"embeddable":true,"href":"https:\/\/justtraveltour.com\/en\/wp-json\/wp\/v2\/users\/1"}],"replies":[{"embeddable":true,"href":"https:\/\/justtraveltour.com\/en\/wp-json\/wp\/v2\/comments?post=10195"}],"version-history":[{"count":19,"href":"https:\/\/justtraveltour.com\/en\/wp-json\/wp\/v2\/pages\/10195\/revisions"}],"predecessor-version":[{"id":10297,"href":"https:\/\/justtraveltour.com\/en\/wp-json\/wp\/v2\/pages\/10195\/revisions\/10297"}],"wp:attachment":[{"href":"https:\/\/justtraveltour.com\/en\/wp-json\/wp\/v2\/media?parent=10195"}],"curies":[{"name":"wp","href":"https:\/\/api.w.org\/{rel}","templated":true}]}}