{"id":10016,"date":"2025-09-11T15:04:16","date_gmt":"2025-09-11T18:04:16","guid":{"rendered":"https:\/\/justtraveltour.com\/?page_id=10016"},"modified":"2025-09-12T10:02:42","modified_gmt":"2025-09-12T13:02:42","slug":"regulamento-passaporte-just-experince","status":"publish","type":"page","link":"https:\/\/justtraveltour.com\/en\/regulamento-passaporte-just-experince\/","title":{"rendered":"REGULAMENTO CAMPANHA -Passaporte para o JUST EXPERIENCE"},"content":{"rendered":"<div data-elementor-type=\"wp-page\" data-elementor-id=\"10016\" class=\"elementor elementor-10016\" data-elementor-post-type=\"page\">\n\t\t\t\t<div class=\"elementor-element elementor-element-123fc62 e-flex e-con-boxed e-con e-parent\" data-id=\"123fc62\" data-element_type=\"container\">\n\t\t\t\t\t<div class=\"e-con-inner\">\n\t\t\t\t<div class=\"elementor-element elementor-element-a7b0e3d elementor-widget elementor-widget-image\" data-id=\"a7b0e3d\" data-element_type=\"widget\" data-widget_type=\"image.default\">\n\t\t\t\t<div class=\"elementor-widget-container\">\n\t\t\t<style>\/*! elementor - v3.23.0 - 05-08-2024 *\/\n.elementor-widget-image{text-align:center}.elementor-widget-image a{display:inline-block}.elementor-widget-image a img[src$=\".svg\"]{width:48px}.elementor-widget-image img{vertical-align:middle;display:inline-block}<\/style>\t\t\t\t\t\t\t\t\t\t<img decoding=\"async\" src=\"https:\/\/justtraveltour.com\/wp-content\/uploads\/elementor\/thumbs\/Imagem-do-WhatsApp-de-2025-09-11-as-19.44.04_cbfdf498-rbndkh39oaxspvenbc1db7boieniu6axfy06cwgl5g.jpg\" title=\"Imagem do WhatsApp de 2025-09-11 \u00e0(s) 19.44.04_cbfdf498\" alt=\"Imagem do WhatsApp de 2025-09-11 \u00e0(s) 19.44.04_cbfdf498\" loading=\"lazy\" \/>\t\t\t\t\t\t\t\t\t\t\t\t\t<\/div>\n\t\t\t\t<\/div>\n\t\t\t\t\t<\/div>\n\t\t\t\t<\/div>\n\t\t<div class=\"elementor-element elementor-element-0e2a056 e-flex e-con-boxed e-con e-parent\" data-id=\"0e2a056\" data-element_type=\"container\">\n\t\t\t\t\t<div class=\"e-con-inner\">\n\t\t\t\t<div class=\"elementor-element elementor-element-6ca182a elementor-widget elementor-widget-heading\" data-id=\"6ca182a\" data-element_type=\"widget\" data-widget_type=\"heading.default\">\n\t\t\t\t<div class=\"elementor-widget-container\">\n\t\t\t<style>\/*! elementor - v3.23.0 - 05-08-2024 *\/\n.elementor-heading-title{padding:0;margin:0;line-height:1}.elementor-widget-heading .elementor-heading-title[class*=elementor-size-]>a{color:inherit;font-size:inherit;line-height:inherit}.elementor-widget-heading .elementor-heading-title.elementor-size-small{font-size:15px}.elementor-widget-heading .elementor-heading-title.elementor-size-medium{font-size:19px}.elementor-widget-heading .elementor-heading-title.elementor-size-large{font-size:29px}.elementor-widget-heading .elementor-heading-title.elementor-size-xl{font-size:39px}.elementor-widget-heading .elementor-heading-title.elementor-size-xxl{font-size:59px}<\/style><h2 class=\"elementor-heading-title elementor-size-default\">REGULAMENTO OFICIAL PASSAPORTE PARA O<span style=\"font-weight:normal;\" id=\"docs-internal-guid-7c5cc4db-7fff-da17-cebc-ac000cf1fc1f\"><span style=\"font-size: 17pt; font-family: Arial, sans-serif; color: rgb(0, 0, 0); font-weight: 700; font-variant-numeric: normal; font-variant-east-asian: normal; font-variant-alternates: normal; font-variant-position: normal; font-variant-emoji: normal; vertical-align: baseline;\"> JUST EXPERIENCE<\/span><\/span><\/h2>\t\t<\/div>\n\t\t\t\t<\/div>\n\t\t\t\t\t<\/div>\n\t\t\t\t<\/div>\n\t\t<div class=\"elementor-element elementor-element-0c2ccca e-flex e-con-boxed e-con e-parent\" data-id=\"0c2ccca\" data-element_type=\"container\">\n\t\t\t\t\t<div class=\"e-con-inner\">\n\t\t\t\t<div class=\"elementor-element elementor-element-f204cf2 elementor-widget elementor-widget-text-editor\" data-id=\"f204cf2\" data-element_type=\"widget\" data-widget_type=\"text-editor.default\">\n\t\t\t\t<div class=\"elementor-widget-container\">\n\t\t\t<style>\/*! elementor - v3.23.0 - 05-08-2024 *\/\n.elementor-widget-text-editor.elementor-drop-cap-view-stacked .elementor-drop-cap{background-color:#69727d;color:#fff}.elementor-widget-text-editor.elementor-drop-cap-view-framed .elementor-drop-cap{color:#69727d;border:3px solid;background-color:transparent}.elementor-widget-text-editor:not(.elementor-drop-cap-view-default) .elementor-drop-cap{margin-top:8px}.elementor-widget-text-editor:not(.elementor-drop-cap-view-default) .elementor-drop-cap-letter{width:1em;height:1em}.elementor-widget-text-editor .elementor-drop-cap{float:left;text-align:center;line-height:1;font-size:50px}.elementor-widget-text-editor .elementor-drop-cap-letter{display:inline-block}<\/style>\t\t\t\t<p data-start=\"113\" data-end=\"171\">\ud83c\udf1f <strong data-start=\"116\" data-end=\"166\">Uma oportunidade que vai muito al\u00e9m de vender.<\/strong> \ud83c\udf1f<\/p><p data-start=\"113\" data-end=\"171\">\u00a0<\/p><p data-start=\"173\" data-end=\"404\">Estar no <strong data-start=\"182\" data-end=\"202\">Just Academy Day<\/strong> \u00e9 mergulhar em conhecimento, conex\u00f5es e oportunidades. E agora, al\u00e9m de aprender e se inspirar, voc\u00ea poder\u00e1 realizar um grande sonho: viver o <strong data-start=\"345\" data-end=\"364\">JUST EXPERIENCE<\/strong>, o fam tour exclusivo da Just Travel!<\/p><p data-start=\"173\" data-end=\"404\">\u00a0<\/p><h3 data-start=\"406\" data-end=\"424\">Participa\u00e7\u00e3o<\/h3><p data-start=\"425\" data-end=\"477\">Poder\u00e3o concorrer todos os agentes de viagens que:<\/p><ul data-start=\"478\" data-end=\"677\"><li data-start=\"478\" data-end=\"542\"><p data-start=\"480\" data-end=\"542\">Estiverem presentes <strong data-start=\"500\" data-end=\"519\">presencialmente<\/strong> no Just Academy Day;<\/p><\/li><li data-start=\"543\" data-end=\"579\"><p data-start=\"545\" data-end=\"579\">Trabalhem com a <strong data-start=\"561\" data-end=\"576\">Just Travel<\/strong>;<\/p><\/li><li data-start=\"580\" data-end=\"677\"><p data-start=\"582\" data-end=\"677\">Tenham realizado <strong data-start=\"599\" data-end=\"651\">m\u00ednimo de R$50.000 em vendas nos \u00faltimos 3 meses<\/strong> atrav\u00e9s da Just Travel.<\/p><\/li><\/ul><h3 data-start=\"679\" data-end=\"694\">\u00a0<\/h3><h3 data-start=\"679\" data-end=\"694\">Premia\u00e7\u00e3o<\/h3><p data-start=\"695\" data-end=\"814\">Os agentes presentes poder\u00e3o participar do QUIZ e concorrer a <strong data-start=\"709\" data-end=\"726\">01 (uma) vaga<\/strong> para o <strong data-start=\"734\" data-end=\"753\">JUST EXPERIENCE<\/strong>, fam tour exclusivo em Orlando realizado pela Just Travel.<\/p><h3 data-start=\"816\" data-end=\"831\">\u00a0<\/h3><h3 data-start=\"816\" data-end=\"831\">Inclus\u00f5es<\/h3><p data-start=\"832\" data-end=\"851\">A vaga contempla:<\/p><ul data-start=\"852\" data-end=\"998\"><li data-start=\"852\" data-end=\"897\"><p data-start=\"854\" data-end=\"897\">Hospedagem durante o per\u00edodo do fam tour;<\/p><\/li><li data-start=\"898\" data-end=\"943\"><p data-start=\"900\" data-end=\"943\">Ingressos para as experi\u00eancias previstas;<\/p><\/li><li data-start=\"944\" data-end=\"998\"><p data-start=\"946\" data-end=\"998\">Transporte terrestre conforme programa\u00e7\u00e3o oficial.<\/p><\/li><\/ul><h3 data-start=\"1000\" data-end=\"1015\">\u00a0<\/h3><h3 data-start=\"1000\" data-end=\"1015\">Exclus\u00f5es<\/h3><ul data-start=\"1016\" data-end=\"1197\"><li data-start=\"1016\" data-end=\"1114\"><p data-start=\"1018\" data-end=\"1114\">Passagens a\u00e9reas at\u00e9 Orlando n\u00e3o est\u00e3o inclu\u00eddas e s\u00e3o de responsabilidade do agente vencedor.<\/p><\/li><li data-start=\"1115\" data-end=\"1197\"><p data-start=\"1117\" data-end=\"1197\">Despesas pessoais n\u00e3o mencionadas no item anterior tamb\u00e9m n\u00e3o est\u00e3o inclu\u00eddas.<\/p><\/li><\/ul><h3 data-start=\"1199\" data-end=\"1216\">\u00a0<\/h3><h3 data-start=\"1199\" data-end=\"1216\">Programa\u00e7\u00e3o<\/h3><p data-start=\"1217\" data-end=\"1324\">A programa\u00e7\u00e3o completa do JUST EXPERIENCE ser\u00e1 disponibilizada pela Just Travel pr\u00f3ximo \u00e0 data do evento.<\/p><h3 data-start=\"1326\" data-end=\"1346\">\u00a0<\/h3><h3 data-start=\"1326\" data-end=\"1346\">Data do Evento<\/h3><p data-start=\"1347\" data-end=\"1414\">O JUST EXPERIENCE acontecer\u00e1 em <strong data-start=\"1379\" data-end=\"1399\">dezembro de 2025<\/strong>, em Orlando.<\/p><h3 data-start=\"1416\" data-end=\"1438\">\u00a0<\/h3><h3 data-start=\"1416\" data-end=\"1438\">Condi\u00e7\u00f5es Gerais<\/h3><ul data-start=\"1439\" data-end=\"1671\"><li data-start=\"1439\" data-end=\"1482\"><p data-start=\"1441\" data-end=\"1482\">A premia\u00e7\u00e3o \u00e9 pessoal e intransfer\u00edvel.<\/p><\/li><li data-start=\"1483\" data-end=\"1592\"><p data-start=\"1485\" data-end=\"1592\">A Just Travel reserva-se o direito de alterar a programa\u00e7\u00e3o, sempre garantindo experi\u00eancias equivalentes.<\/p><\/li><li data-start=\"1593\" data-end=\"1671\"><p data-start=\"1595\" data-end=\"1671\">Ao participar, os agentes concordam com todos os termos deste regulamento.<\/p><\/li><\/ul>\t\t\t\t\t\t<\/div>\n\t\t\t\t<\/div>\n\t\t\t\t\t<\/div>\n\t\t\t\t<\/div>\n\t\t\t\t<\/div>","protected":false},"excerpt":{"rendered":"<p>REGULAMENTO OFICIAL PASSAPORTE PARA O JUST EXPERIENCE \ud83c\udf1f Uma oportunidade que vai muito al\u00e9m de vender. \ud83c\udf1f \u00a0 Estar no Just Academy Day \u00e9 mergulhar em conhecimento, conex\u00f5es e oportunidades. E agora, al\u00e9m de aprender e se inspirar, voc\u00ea poder\u00e1 &hellip;<\/p>","protected":false},"author":1,"featured_media":0,"parent":0,"menu_order":0,"comment_status":"closed","ping_status":"closed","template":"elementor_header_footer","meta":{"_acf_changed":false,"footnotes":""},"class_list":["post-10016","page","type-page","status-publish","hentry"],"acf":[],"_links":{"self":[{"href":"https:\/\/justtraveltour.com\/en\/wp-json\/wp\/v2\/pages\/10016","targetHints":{"allow":["GET"]}}],"collection":[{"href":"https:\/\/justtraveltour.com\/en\/wp-json\/wp\/v2\/pages"}],"about":[{"href":"https:\/\/justtraveltour.com\/en\/wp-json\/wp\/v2\/types\/page"}],"author":[{"embeddable":true,"href":"https:\/\/justtraveltour.com\/en\/wp-json\/wp\/v2\/users\/1"}],"replies":[{"embeddable":true,"href":"https:\/\/justtraveltour.com\/en\/wp-json\/wp\/v2\/comments?post=10016"}],"version-history":[{"count":11,"href":"https:\/\/justtraveltour.com\/en\/wp-json\/wp\/v2\/pages\/10016\/revisions"}],"predecessor-version":[{"id":10031,"href":"https:\/\/justtraveltour.com\/en\/wp-json\/wp\/v2\/pages\/10016\/revisions\/10031"}],"wp:attachment":[{"href":"https:\/\/justtraveltour.com\/en\/wp-json\/wp\/v2\/media?parent=10016"}],"curies":[{"name":"wp","href":"https:\/\/api.w.org\/{rel}","templated":true}]}}